{"id":1594,"date":"2022-10-24T19:16:40","date_gmt":"2022-10-24T22:16:40","guid":{"rendered":"http:\/\/biologia.utalca.cl\/icb\/?page_id=1594"},"modified":"2024-10-14T14:47:31","modified_gmt":"2024-10-14T17:47:31","slug":"fernando-andres-carrasco-urra","status":"publish","type":"page","link":"https:\/\/biologia.utalca.cl\/icb\/?page_id=1594","title":{"rendered":"Fernando Andr\u00e9s Carrasco Urra"},"content":{"rendered":"<p><div class=\"fusion-fullwidth fullwidth-box fusion-builder-row-1 fusion-flex-container nonhundred-percent-fullwidth non-hundred-percent-height-scrolling\" style=\"background-color: rgba(255,255,255,0);background-position: center center;background-repeat: no-repeat;border-width: 0px 0px 0px 0px;border-color:#e2e2e2;border-style:solid;\" ><div class=\"fusion-builder-row fusion-row fusion-flex-align-items-flex-start\" style=\"max-width:1248px;margin-left: calc(-4% \/ 2 );margin-right: calc(-4% \/ 2 );\"><div class=\"fusion-layout-column fusion_builder_column fusion-builder-column-0 fusion_builder_column_1_3 1_3 fusion-flex-column fusion-column-inner-bg-wrapper\"><div class=\"fusion-column-wrapper fusion-flex-justify-content-flex-start fusion-content-layout-column\" style=\"border-radius:4px 4px 4px 4px;overflow:hidden;padding: 0px 0px 0px 0px;\"><div ><span class=\" fusion-imageframe imageframe-none imageframe-1 hover-type-none\"><img width=\"738\" height=\"750\" title=\"fernando carrasco\" src=\"https:\/\/biologia.utalca.cl\/icb\/wp-content\/uploads\/2022\/11\/fernando-carrasco.jpg\" class=\"img-responsive wp-image-1619\" srcset=\"https:\/\/biologia.utalca.cl\/icb\/wp-content\/uploads\/2022\/11\/fernando-carrasco-200x203.jpg 200w, https:\/\/biologia.utalca.cl\/icb\/wp-content\/uploads\/2022\/11\/fernando-carrasco-400x407.jpg 400w, https:\/\/biologia.utalca.cl\/icb\/wp-content\/uploads\/2022\/11\/fernando-carrasco-600x610.jpg 600w, https:\/\/biologia.utalca.cl\/icb\/wp-content\/uploads\/2022\/11\/fernando-carrasco.jpg 738w\" sizes=\"(max-width: 640px) 100vw, 400px\" \/><\/span><\/div><\/div><span class=\"fusion-column-inner-bg hover-type-zoomout\" style=\"overflow:hidden;border-radius:4px 4px 4px 4px;;\"><a class=\"fusion-column-anchor\"><span class=\"fusion-column-inner-bg-image\" style=\"background-position:center center;background-repeat:no-repeat;-webkit-background-size:cover;-moz-background-size:cover;-o-background-size:cover;background-size:cover;border-radius:4px 4px 4px 4px;\"><\/span><\/a><\/span><\/div><style type=\"text\/css\">.fusion-body .fusion-builder-column-0{width:33.333333333333% !important;margin-top : 0px;margin-bottom : 20px;}.fusion-builder-column-0 > .fusion-column-wrapper {padding-top : 0px !important;padding-right : 0px !important;margin-right : 5.76%;padding-bottom : 0px !important;padding-left : 0px !important;margin-left : 5.76%;}.fusion-flex-container .fusion-row .fusion-builder-column-0 > .fusion-column-inner-bg { margin-right:5.76%;margin-left:5.76%; }@media only screen and (max-width:1024px) {.fusion-body .fusion-builder-column-0{width:33.333333333333% !important;order : 0;}.fusion-builder-column-0 > .fusion-column-wrapper {margin-right : 5.76%;margin-left : 5.76%;}.fusion-flex-container .fusion-row .fusion-builder-column-0 > .fusion-column-inner-bg { margin-right:5.76%;margin-left:5.76%; }}@media only screen and (max-width:640px) {.fusion-body .fusion-builder-column-0{width:100% !important;order : 0;}.fusion-builder-column-0 > .fusion-column-wrapper {margin-right : 1.92%;margin-left : 1.92%;}.fusion-flex-container .fusion-row .fusion-builder-column-0 > .fusion-column-inner-bg { margin-right:1.92%;margin-left:1.92%; }}<\/style><div class=\"fusion-layout-column fusion_builder_column fusion-builder-column-1 fusion_builder_column_2_3 2_3 fusion-flex-column fusion-flex-align-self-center\"><div class=\"fusion-column-wrapper fusion-flex-justify-content-flex-start fusion-content-layout-column\" style=\"background-position:left top;background-repeat:no-repeat;-webkit-background-size:cover;-moz-background-size:cover;-o-background-size:cover;background-size:cover;padding: 0px 0px 0px 0px;\"><style type=\"text\/css\">@media only screen and (max-width:1024px) {.fusion-title.fusion-title-1{margin-top:10px!important;margin-bottom:15px!important;}}@media only screen and (max-width:640px) {.fusion-title.fusion-title-1{margin-top:10px!important;margin-bottom:10px!important;}}<\/style><div class=\"fusion-title title fusion-title-1 fusion-sep-none fusion-title-text fusion-title-size-two\" style=\"margin-top:10px;margin-bottom:15px;\"><h2 class=\"title-heading-left\" style=\"margin:0;\"><strong>Profesor Conferenciante<\/strong><\/h2><\/div><style type=\"text\/css\">@media only screen and (max-width:1024px) {.fusion-title.fusion-title-2{margin-top:-20px!important;margin-bottom:15px!important;}}@media only screen and (max-width:640px) {.fusion-title.fusion-title-2{margin-top:10px!important;margin-bottom:10px!important;}}<\/style><div class=\"fusion-title title fusion-title-2 fusion-sep-none fusion-title-text fusion-title-size-four\" style=\"margin-top:-20px;margin-bottom:15px;\"><h4 class=\"title-heading-left\" style=\"margin:0;color:#607d8b;\">Licenciado en Biolog\u00eda, Bi\u00f3logo, Dr. Ciencias Biol\u00f3gicas \u00e1rea Bot\u00e1nica<\/h4><\/div><style type=\"text\/css\">@media only screen and (max-width:1024px) {.fusion-title.fusion-title-3{margin-top:-20px!important;margin-bottom:15px!important;}}@media only screen and (max-width:640px) {.fusion-title.fusion-title-3{margin-top:10px!important;margin-bottom:10px!important;}}<\/style><div class=\"fusion-title title fusion-title-3 fusion-sep-none fusion-title-text fusion-title-size-four\" style=\"margin-top:-20px;margin-bottom:15px;\"><h4 class=\"title-heading-left\" style=\"margin:0;color:#607d8b;\">Curador Herbario Universidad de Talca<\/h4><\/div><div ><style type=\"text\/css\">.fusion-button.button-1 .fusion-button-text, .fusion-button.button-1 i {color:#607d8b;}.fusion-button.button-1 .fusion-button-icon-divider{border-color:#607d8b;}.fusion-button.button-1:hover .fusion-button-text, .fusion-button.button-1:hover i,.fusion-button.button-1:focus .fusion-button-text, .fusion-button.button-1:focus i,.fusion-button.button-1:active .fusion-button-text, .fusion-button.button-1:active{color:#ffffff;}.fusion-button.button-1:hover .fusion-button-icon-divider, .fusion-button.button-1:hover .fusion-button-icon-divider, .fusion-button.button-1:active .fusion-button-icon-divider{border-color:#ffffff;}.fusion-button.button-1:hover, .fusion-button.button-1:focus, .fusion-button.button-1:active{border-color:#ffffff;}.fusion-button.button-1 {border-color:#ffffff;border-radius:4px;}.fusion-button.button-1{background: rgba(101,188,123,0);}.fusion-button.button-1:hover,.button-1:focus,.fusion-button.button-1:active{background: #5aa86c;}<\/style><a class=\"fusion-button button-flat button-xlarge button-custom button-1 fusion-button-default-span fusion-button-default-type\" target=\"_self\" href=\"tel:+56997832194\" style=\"margin-top:0%;margin-bottom:0%;\"><i class=\"fa-phone-alt fas button-icon-left\" aria-hidden=\"true\"><\/i><span class=\"fusion-button-text\">+56997832194<\/span><\/a><\/div><div ><style type=\"text\/css\">.fusion-button.button-2 .fusion-button-text, .fusion-button.button-2 i {color:#607d8b;}.fusion-button.button-2 .fusion-button-icon-divider{border-color:#607d8b;}.fusion-button.button-2:hover .fusion-button-text, .fusion-button.button-2:hover i,.fusion-button.button-2:focus .fusion-button-text, .fusion-button.button-2:focus i,.fusion-button.button-2:active .fusion-button-text, .fusion-button.button-2:active{color:#ffffff;}.fusion-button.button-2:hover .fusion-button-icon-divider, .fusion-button.button-2:hover .fusion-button-icon-divider, .fusion-button.button-2:active .fusion-button-icon-divider{border-color:#ffffff;}.fusion-button.button-2:hover, .fusion-button.button-2:focus, .fusion-button.button-2:active{border-color:#ffffff;}.fusion-button.button-2 {border-color:#ffffff;border-radius:4px;}.fusion-button.button-2{background: rgba(101,188,123,0);}.fusion-button.button-2:hover,.button-2:focus,.fusion-button.button-2:active{background: #5aa86c;}<\/style><a class=\"fusion-button button-flat button-xlarge button-custom button-2 fusion-button-default-span fusion-button-default-type\" target=\"_blank\" rel=\"noopener noreferrer\" href=\"mailto:fernando.carrasco@utalca.cl\" style=\"margin-top:0%;\"><i class=\"fa-envelope fas button-icon-left\" aria-hidden=\"true\"><\/i><span class=\"fusion-button-text\">fernando.carrasco@utalca.cl<\/span><\/a><\/div><\/div><\/div><style type=\"text\/css\">.fusion-body .fusion-builder-column-1{width:66.666666666667% !important;margin-top : 0px;margin-bottom : 20px;}.fusion-builder-column-1 > .fusion-column-wrapper {padding-top : 0px !important;padding-right : 0px !important;margin-right : 2.88%;padding-bottom : 0px !important;padding-left : 0px !important;margin-left : 2.88%;}@media only screen and (max-width:1024px) {.fusion-body .fusion-builder-column-1{width:66.666666666667% !important;order : 0;}.fusion-builder-column-1 > .fusion-column-wrapper {margin-right : 2.88%;margin-left : 2.88%;}}@media only screen and (max-width:640px) {.fusion-body .fusion-builder-column-1{width:100% !important;order : 0;}.fusion-builder-column-1 > .fusion-column-wrapper {margin-right : 1.92%;margin-left : 1.92%;}}<\/style><\/div><style type=\"text\/css\">.fusion-body .fusion-flex-container.fusion-builder-row-1{ padding-top : 0px;margin-top : 0px;padding-right : 0px;padding-bottom : 0px;margin-bottom : 0px;padding-left : 0px;}<\/style><\/div><div class=\"fusion-fullwidth fullwidth-box fusion-builder-row-2 fusion-flex-container nonhundred-percent-fullwidth non-hundred-percent-height-scrolling\" style=\"background-color: rgba(255,255,255,0);background-position: center center;background-repeat: no-repeat;border-width: 0px 0px 0px 0px;border-color:#e2e2e2;border-style:solid;\" ><div class=\"fusion-builder-row fusion-row fusion-flex-align-items-flex-start\" style=\"max-width:1248px;margin-left: calc(-4% \/ 2 );margin-right: calc(-4% \/ 2 );\"><div class=\"fusion-layout-column fusion_builder_column fusion-builder-column-2 fusion_builder_column_1_1 1_1 fusion-flex-column\"><div class=\"fusion-column-wrapper fusion-flex-justify-content-flex-start fusion-content-layout-column\" style=\"background-position:left top;background-repeat:no-repeat;-webkit-background-size:cover;-moz-background-size:cover;-o-background-size:cover;background-size:cover;padding: 0px 0px 0px 0px;\"><style type=\"text\/css\">@media only screen and (max-width:1024px) {.fusion-title.fusion-title-4{margin-top:10px!important;margin-bottom:15px!important;}}@media only screen and (max-width:640px) {.fusion-title.fusion-title-4{margin-top:10px!important;margin-bottom:10px!important;}}<\/style><div class=\"fusion-title title fusion-title-4 fusion-sep-none fusion-title-text fusion-title-size-four\" style=\"margin-top:10px;margin-bottom:15px;\"><h4 class=\"title-heading-left\" style=\"margin:0;\">Lineas de Investigaci\u00f3n<\/h4><\/div><div class=\"fusion-text fusion-text-1\" style=\"transform:translate3d(0,0,0);\"><p>Ecolog\u00eda de plantas trepadoras del bosque templado lluvioso de Chile, Ecolog\u00eda Funcional de especies del g\u00e9nero <i>Nothofagus<\/i> del centro-sur de Chile (rasgos funcionales asociados al transporte de agua), Taxonom\u00eda de plantas vasculares del centro-sur de Chile, Ecolog\u00eda de plantas vasculares del continente Ant\u00e1rtico.<\/p>\n<\/div><\/div><\/div><style type=\"text\/css\">.fusion-body .fusion-builder-column-2{width:100% !important;margin-top : 0px;margin-bottom : 20px;}.fusion-builder-column-2 > .fusion-column-wrapper {padding-top : 0px !important;padding-right : 0px !important;margin-right : 1.92%;padding-bottom : 0px !important;padding-left : 0px !important;margin-left : 1.92%;}@media only screen and (max-width:1024px) {.fusion-body .fusion-builder-column-2{width:100% !important;order : 0;}.fusion-builder-column-2 > .fusion-column-wrapper {margin-right : 1.92%;margin-left : 1.92%;}}@media only screen and (max-width:640px) {.fusion-body .fusion-builder-column-2{width:100% !important;order : 0;}.fusion-builder-column-2 > .fusion-column-wrapper {margin-right : 1.92%;margin-left : 1.92%;}}<\/style><\/div><style type=\"text\/css\">.fusion-body .fusion-flex-container.fusion-builder-row-2{ padding-top : 0px;margin-top : 0px;padding-right : 0px;padding-bottom : 0px;margin-bottom : 0px;padding-left : 0px;}<\/style><\/div><div class=\"fusion-fullwidth fullwidth-box fusion-builder-row-3 fusion-flex-container nonhundred-percent-fullwidth non-hundred-percent-height-scrolling\" style=\"background-color: rgba(255,255,255,0);background-position: center center;background-repeat: no-repeat;border-width: 0px 0px 0px 0px;border-color:#e2e2e2;border-style:solid;\" ><div class=\"fusion-builder-row fusion-row fusion-flex-align-items-flex-start\" style=\"max-width:1248px;margin-left: calc(-4% \/ 2 );margin-right: calc(-4% \/ 2 );\"><div class=\"fusion-layout-column fusion_builder_column fusion-builder-column-3 fusion_builder_column_1_1 1_1 fusion-flex-column\"><div class=\"fusion-column-wrapper fusion-flex-justify-content-flex-start fusion-content-layout-column\" style=\"background-position:left top;background-repeat:no-repeat;-webkit-background-size:cover;-moz-background-size:cover;-o-background-size:cover;background-size:cover;padding: 0px 0px 0px 0px;\"><style type=\"text\/css\">.fusion-accordian  #accordion-1594-1 .panel-title a .fa-fusion-box{ color: #ffffff;}.fusion-accordian  #accordion-1594-1 .panel-title a .fa-fusion-box:before{ font-size: 16px; width: 16px;}.fusion-accordian  #accordion-1594-1 .panel-title a{font-size:30px;}.fusion-accordian  #accordion-1594-1 .fa-fusion-box { background-color: #212934;border-color: #212934;}.fusion-accordian  #accordion-1594-1 .panel-title a:hover, #accordion-1594-1 .fusion-toggle-boxed-mode:hover .panel-title a { color: #65bc7b;}.fusion-accordian  #accordion-1594-1 .panel-title .active .fa-fusion-box,.fusion-accordian  #accordion-1594-1 .panel-title a:hover .fa-fusion-box { background-color: #65bc7b!important;border-color: #65bc7b!important;}<\/style><div class=\"accordian fusion-accordian\"><div class=\"panel-group\" id=\"accordion-1594-1\" role=\"tablist\"><div class=\"fusion-panel panel-default\" role=\"tabpanel\"><div class=\"panel-heading\"><h4 class=\"panel-title toggle\"><a aria-expanded=\"false\" aria-selected=\"false\" aria-controls=\"cdd8a2e7df30b5923\" role=\"tab\" data-toggle=\"collapse\" data-parent=\"#accordion-1594-1\" data-target=\"#cdd8a2e7df30b5923\" href=\"#cdd8a2e7df30b5923\"><span class=\"fusion-toggle-icon-wrapper\" aria-hidden=\"true\"><i class=\"fa-fusion-box\" aria-hidden=\"true\"><\/i><\/span><span class=\"fusion-toggle-heading\">Publicaciones<\/span><\/a><\/h4><\/div><div id=\"cdd8a2e7df30b5923\" class=\"panel-collapse collapse \"><div class=\"panel-body toggle-content fusion-clearfix\">\n<p>Rodr\u00edguez-Quintero, W.D., Moreno-Chac\u00f3n, M., <strong>Carrasco-Urra, F.<\/strong> &amp; A. Salda\u00f1a. 2022. Is the host tree location pattern of the massive woody climber <em>Hydrangea serratifolia<\/em> (Hydrangeaceae) in a Chilean temperate rainforest influenced by Skototropism? (status: aceptada en Plant Signaling &amp; Behavior)<\/p>\n<p><strong>\u00a0<\/strong>Molina-Montenegro M, Atala C,<strong> Carrasco-Urra F.<\/strong> Differential impact of an eclipse on photosynthetic performance of\u00a0 trees with different degrees of shade tolerance. <em>Forests <\/em>12: 1353. <a href=\"https:\/\/doi.org\/10.3390\/f12101353\">https:\/\/doi.org\/10.3390\/f12101353<\/a>.<\/p>\n<p><strong>\u00a0<\/strong><strong>Carrasco-Urra F<\/strong>, Salda\u00f1a A, Molina-Montenegro M. 2019. \u00bfPueden los rasgos hidr\u00e1ulicos ayudar a explicar los l\u00edmites de distribuci\u00f3n actual en dos especies de <em>Nothofagus<\/em> en los Andes de Chile?. <em>Gayana Bot\u00e1nica<\/em> 76 (2):237-246.<\/p>\n<p><strong>\u00a0<\/strong>Atala C, Pertierra LR, Arag\u00f3n P, <strong>Carrasco-Urra F<\/strong>, Lav\u00edn P, Gallardo-Cerda J, Ricote-Mart\u00ednez N, Torres-D\u00edaz C, Montenegro-Molina MA. 2019. Positive interactions among native and invasive vascular plants in Antarctica: assessing the \u201cnurse effect\u201d at different spatial scales. <em>Biological Invasions <\/em>21: 2819-2836. DOI: 10.1007\/s10530-019-02016-7.<\/p>\n<p><strong>Carrasco-Urra F<\/strong>, Quezada IM, Salda\u00f1a A. 2018. Variation in traits related to water transport in <em>Nothofagus dombeyi<\/em> helps to explain its latitudinal distribution limit in the Chilean Andes. <em>Plant Ecology &amp; Diversity<\/em> 11 (3): 307-317. <a href=\"https:\/\/doi.org\/10.1080\/17550874.2018.1507056\">https:\/\/doi.org\/10.1080\/17550874.2018.1507056<\/a>.<\/p>\n<p><strong>\u00a0<\/strong>Moreno-Chac\u00f3n M, Mardones D, Viveros N, Madriaza K, <strong>Carrasco-Urra F<\/strong>, Marticorena A, Baeza C, Rodr\u00edguez R &amp; A Salda\u00f1a. 2018. Flora vascular de un remanente de bosque escler\u00f3filo mediterr\u00e1neo costero: Estaci\u00f3n de Biolog\u00eda Terrestre de Hualp\u00e9n, Regi\u00f3n del Biob\u00edo, Chile. <em>Gayana Bot\u00e1nica<\/em> 75(1):466-481.<\/p>\n<p>Cristian Torres-D\u00edaz, Jorge Gallardo-Cerda, Paris Lav\u00edn, R\u00f3mulo Oses, <strong>Fernando Carrasco-Urra<\/strong>, Cristian Atala, Ian S. Acu\u00f1a-Rodr\u00edguez, Peter Convey, Marco A. Molina- 2014. Biological interactions and simulated climate change modulates the ecophysiological performance of <em>Colobanthus quitensis <\/em>in the Antarctic Ecosystem. <em>Plos One<\/em> 11 (10): e0164844. doi:10.1371\/journal.pone.0164844.<\/p>\n<p>Gianoli E, <strong>Carrasco-Urra F<\/strong>. 2014. Leaf mimicry in a climbing plant protects against herbivory. <em>Current Biology<\/em> 24 (9): R357-R 359. DOI: 10.1016\/j.cub.2014.03.066.<\/p>\n<p>Citado y seguido por la p\u00e1gina National Geographic:<\/p>\n<p><a href=\"http:\/\/phenomena.nationalgeographic.com\/2014\/04\/24\/the-most-versatile-impressionist-in-the-forest\/\">http:\/\/phenomena.nationalgeographic.com\/2014\/04\/24\/the<\/a><a href=\"http:\/\/phenomena.nationalgeographic.com\/2014\/04\/24\/the-most-versatile-impressionist-in-the-forest\/\">&#8211;<\/a><a href=\"http:\/\/phenomena.nationalgeographic.com\/2014\/04\/24\/the-most-versatile-impressionist-in-the-forest\/\">most<\/a><a href=\"http:\/\/phenomena.nationalgeographic.com\/2014\/04\/24\/the-most-versatile-impressionist-in-the-forest\/\">&#8211;<\/a><a href=\"http:\/\/phenomena.nationalgeographic.com\/2014\/04\/24\/the-most-versatile-impressionist-in-the-forest\/\">versatile<\/a><a href=\"http:\/\/phenomena.nationalgeographic.com\/2014\/04\/24\/the-most-versatile-impressionist-in-the-forest\/\">&#8211;<\/a><a href=\"http:\/\/phenomena.nationalgeographic.com\/2014\/04\/24\/the-most-versatile-impressionist-in-the-forest\/\">impressionist<\/a><a href=\"http:\/\/phenomena.nationalgeographic.com\/2014\/04\/24\/the-most-versatile-impressionist-in-the-forest\/\">&#8211;<\/a><a href=\"http:\/\/phenomena.nationalgeographic.com\/2014\/04\/24\/the-most-versatile-impressionist-in-the-forest\/\">in<\/a><a href=\"http:\/\/phenomena.nationalgeographic.com\/2014\/04\/24\/the-most-versatile-impressionist-in-the-forest\/\">&#8211;<\/a><a href=\"http:\/\/phenomena.nationalgeographic.com\/2014\/04\/24\/the-most-versatile-impressionist-in-the-forest\/\">the<\/a><a href=\"http:\/\/phenomena.nationalgeographic.com\/2014\/04\/24\/the-most-versatile-impressionist-in-the-forest\/\">http:\/\/phenomena.nationalgeographic.com\/2014\/04\/24\/the-most-versatile-impressionist-in-the-forest\/<\/a><a href=\"http:\/\/phenomena.nationalgeographic.com\/2014\/04\/24\/the-most-versatile-impressionist-in-the-forest\/\">forest\/<\/a><\/p>\n<p><a href=\"http:\/\/phenomena.nationalgeographic.com\/2014\/04\/24\/the-most-versatile-impressionist-in-the-forest\/\">y<\/a> la revista Science: <a href=\"http:\/\/news.sciencemag.org\/biology\/2014\/04\/scienceshot-chameleon-vine-discovered-chile\">http:\/\/news.sciencemag.org\/biology\/2014\/04\/scienceshot<\/a><a href=\"http:\/\/news.sciencemag.org\/biology\/2014\/04\/scienceshot-chameleon-vine-discovered-chile\">http:\/\/news.sciencemag.org\/biology\/2014\/04\/scienceshot-chameleon-vine-discovered-chile<\/a><a href=\"http:\/\/news.sciencemag.org\/biology\/2014\/04\/scienceshot-chameleon-vine-discovered-chile\">chameleon<\/a><a href=\"http:\/\/news.sciencemag.org\/biology\/2014\/04\/scienceshot-chameleon-vine-discovered-chile\">&#8211;<\/a><a href=\"http:\/\/news.sciencemag.org\/biology\/2014\/04\/scienceshot-chameleon-vine-discovered-chile\">vine<\/a><a href=\"http:\/\/news.sciencemag.org\/biology\/2014\/04\/scienceshot-chameleon-vine-discovered-chile\">&#8211;<\/a><a href=\"http:\/\/news.sciencemag.org\/biology\/2014\/04\/scienceshot-chameleon-vine-discovered-chile\">discovered<\/a><a href=\"http:\/\/news.sciencemag.org\/biology\/2014\/04\/scienceshot-chameleon-vine-discovered-chile\">&#8211;<\/a><a href=\"http:\/\/news.sciencemag.org\/biology\/2014\/04\/scienceshot-chameleon-vine-discovered-chile\">chile<\/a><\/p>\n<p><strong>\u00a0<\/strong>Molina-Montenegro MA, <strong>Carrasco-Urra F,<\/strong> Acu\u00f1a-Rodr\u00edguez I, Oses R, Torres-D\u00edaz C, Chwedorzewska KJ. 2014. Assessing the importance of human activities for the establishment of the invasive <em>Poa annua <\/em>in Antarctica. <em>Polar Research<\/em> 33 (21425): http:\/\/dx.doi.org\/10.3402\/polar.v33.21425.<\/p>\n<p><strong>\u00a0<\/strong>Acu\u00f1a-Rodr\u00edguez IS, Gianoli E, <strong>Carrasco-Urra F, <\/strong>Stotz GC, Salgado-Luarte C, R\u00edos RS, Molina-Montenegro MA. 2014. Antarctic ecology one century after the conquest of the South Pole: how much have we advanced? <em>Bioscience <\/em>64 (7): 593-600.<\/p>\n<p><strong>\u00a0<\/strong>Stotz GC, Salgado-Luarte C, R\u00edos RS, Acu\u00f1a-Rodr\u00edguez IS, <strong>Carrasco-Urra F<\/strong>, Molina-Montenegro MA, Gianoli E. 2013. Trends in Antarctic ecological research in Latin America shown by publications in international journals. <em>Polar Research<\/em> 32 (19993):1-7.<\/p>\n<p>Molina-Montenegro MA, <strong>Carrasco-Urra F<\/strong>, Rodrigo C, Convey P, Valladares F, Gianoli E. 2012. Ocurrence of the non-native Bluegrass on the Antarctic mainland and its negative effects on native plants. <em>Conservation Biology<\/em> 26 (4): 717-723.<\/p>\n<p><strong>\u00a0<\/strong>Molina-Montenegro MA, Torres-D\u00edaz C, <strong>Carrasco-Urra F<\/strong>, Gonz\u00e1lez-Silvestre LA, Gianoli E. 2012. Plasticidad fenot\u00edpica en dos poblaciones ant\u00e1rticas de <em>Colobanthus quitensis<\/em> (Caryophyllaceae) bajo un escenario simulado de cambio global. <em>Gayana Bot\u00e1nica <\/em>69 (1): 152-160.<\/p>\n<p><strong>Carrasco-Urra F.<\/strong> &amp; E. Gianoli. Abundance of climbing plants in a southern temperate rain forest: host tree characteristics or light availability? <em>Journal of Vegetation Science <\/em>20 (6): 1155-1162.<\/p>\n<\/div><\/div><\/div><div class=\"fusion-panel panel-default\" role=\"tabpanel\"><div class=\"panel-heading\"><h4 class=\"panel-title toggle\"><a aria-expanded=\"false\" aria-selected=\"false\" aria-controls=\"fc11841a265a40b7f\" role=\"tab\" data-toggle=\"collapse\" data-parent=\"#accordion-1594-1\" data-target=\"#fc11841a265a40b7f\" href=\"#fc11841a265a40b7f\"><span class=\"fusion-toggle-icon-wrapper\" aria-hidden=\"true\"><i class=\"fa-fusion-box\" aria-hidden=\"true\"><\/i><\/span><span class=\"fusion-toggle-heading\">Proyecto<\/span><\/a><\/h4><\/div><div id=\"fc11841a265a40b7f\" class=\"panel-collapse collapse \"><div class=\"panel-body toggle-content fusion-clearfix\">\n<p>Proyecto de la International Association for Plant Taxonomy (IAPT) convocatoria para \u201cSmall Collection Grant 2022 program\u201d. Nombre del proyecto: From past to future of the Chilean Mediterranean forest of Maule region: starting digitalization of species from Herbarium UTAL (University of Talca).<\/p>\n<\/div><\/div><\/div><\/div><\/div><\/div><\/div><style type=\"text\/css\">.fusion-body .fusion-builder-column-3{width:100% !important;margin-top : 0px;margin-bottom : 20px;}.fusion-builder-column-3 > .fusion-column-wrapper {padding-top : 0px !important;padding-right : 0px !important;margin-right : 1.92%;padding-bottom : 0px !important;padding-left : 0px !important;margin-left : 1.92%;}@media only screen and (max-width:1024px) {.fusion-body .fusion-builder-column-3{width:100% !important;order : 0;}.fusion-builder-column-3 > .fusion-column-wrapper {margin-right : 1.92%;margin-left : 1.92%;}}@media only screen and (max-width:640px) {.fusion-body .fusion-builder-column-3{width:100% !important;order : 0;}.fusion-builder-column-3 > .fusion-column-wrapper {margin-right : 1.92%;margin-left : 1.92%;}}<\/style><\/div><style type=\"text\/css\">.fusion-body .fusion-flex-container.fusion-builder-row-3{ padding-top : 0px;margin-top : 0px;padding-right : 0px;padding-bottom : 0px;margin-bottom : 0px;padding-left : 0px;}<\/style><\/div><\/p>\n","protected":false},"excerpt":{"rendered":"","protected":false},"author":1,"featured_media":0,"parent":236,"menu_order":0,"comment_status":"closed","ping_status":"closed","template":"","meta":[],"_links":{"self":[{"href":"https:\/\/biologia.utalca.cl\/icb\/index.php?rest_route=\/wp\/v2\/pages\/1594"}],"collection":[{"href":"https:\/\/biologia.utalca.cl\/icb\/index.php?rest_route=\/wp\/v2\/pages"}],"about":[{"href":"https:\/\/biologia.utalca.cl\/icb\/index.php?rest_route=\/wp\/v2\/types\/page"}],"author":[{"embeddable":true,"href":"https:\/\/biologia.utalca.cl\/icb\/index.php?rest_route=\/wp\/v2\/users\/1"}],"replies":[{"embeddable":true,"href":"https:\/\/biologia.utalca.cl\/icb\/index.php?rest_route=%2Fwp%2Fv2%2Fcomments&post=1594"}],"version-history":[{"count":8,"href":"https:\/\/biologia.utalca.cl\/icb\/index.php?rest_route=\/wp\/v2\/pages\/1594\/revisions"}],"predecessor-version":[{"id":2752,"href":"https:\/\/biologia.utalca.cl\/icb\/index.php?rest_route=\/wp\/v2\/pages\/1594\/revisions\/2752"}],"up":[{"embeddable":true,"href":"https:\/\/biologia.utalca.cl\/icb\/index.php?rest_route=\/wp\/v2\/pages\/236"}],"wp:attachment":[{"href":"https:\/\/biologia.utalca.cl\/icb\/index.php?rest_route=%2Fwp%2Fv2%2Fmedia&parent=1594"}],"curies":[{"name":"wp","href":"https:\/\/api.w.org\/{rel}","templated":true}]}}