{"id":2165,"date":"2023-10-23T16:05:46","date_gmt":"2023-10-23T19:05:46","guid":{"rendered":"http:\/\/biologia.utalca.cl\/icb\/?page_id=2165"},"modified":"2023-10-23T16:07:25","modified_gmt":"2023-10-23T19:07:25","slug":"alstroemeria-achirae","status":"publish","type":"page","link":"https:\/\/biologia.utalca.cl\/icb\/?page_id=2165","title":{"rendered":"Alstroemeria achirae"},"content":{"rendered":"<div class=\"fusion-fullwidth fullwidth-box fusion-builder-row-1 fusion-flex-container nonhundred-percent-fullwidth non-hundred-percent-height-scrolling\" style=\"background-color: rgba(255,255,255,0);background-position: center center;background-repeat: no-repeat;border-width: 0px 0px 0px 0px;border-color:#e2e2e2;border-style:solid;\" ><div class=\"fusion-builder-row fusion-row fusion-flex-align-items-flex-start\" style=\"max-width:1248px;margin-left: calc(-4% \/ 2 );margin-right: calc(-4% \/ 2 );\"><div class=\"fusion-layout-column fusion_builder_column fusion-builder-column-0 fusion_builder_column_1_1 1_1 fusion-flex-column\"><div class=\"fusion-column-wrapper fusion-flex-justify-content-flex-start fusion-content-layout-column\" style=\"background-position:left top;background-repeat:no-repeat;-webkit-background-size:cover;-moz-background-size:cover;-o-background-size:cover;background-size:cover;padding: 0px 0px 0px 0px;\"><\/div><\/div><style type=\"text\/css\">.fusion-body .fusion-builder-column-0{width:100% !important;margin-top : 0px;margin-bottom : 20px;}.fusion-builder-column-0 > .fusion-column-wrapper {padding-top : 0px !important;padding-right : 0px !important;margin-right : 1.92%;padding-bottom : 0px !important;padding-left : 0px !important;margin-left : 1.92%;}@media only screen and (max-width:1024px) {.fusion-body .fusion-builder-column-0{width:100% !important;order : 0;}.fusion-builder-column-0 > .fusion-column-wrapper {margin-right : 1.92%;margin-left : 1.92%;}}@media only screen and (max-width:640px) {.fusion-body .fusion-builder-column-0{width:100% !important;order : 0;}.fusion-builder-column-0 > .fusion-column-wrapper {margin-right : 1.92%;margin-left : 1.92%;}}<\/style><div class=\"fusion-layout-column fusion_builder_column fusion-builder-column-1 fusion_builder_column_1_2 1_2 fusion-flex-column fusion-flex-align-self-flex-start\"><div class=\"fusion-column-wrapper fusion-flex-justify-content-center fusion-content-layout-column\" style=\"background-position:center center;background-blend-mode: darken;background-repeat:no-repeat;-webkit-background-size:cover;-moz-background-size:cover;-o-background-size:cover;background-size:cover;border-radius:4px 4px 4px 4px;border-radius:4px 4px 4px 4px;overflow:hidden;padding: 0px 0px 0px 0px;\"><div ><div class=\"fusion-image-frame-bottomshadow element-bottomshadow image-frame-shadow-1\"><style>.element-bottomshadow.imageframe-1:before, .element-bottomshadow.imageframe-1:after{-webkit-box-shadow: 0 17px 10px rgba(0,0,0,0.4);box-shadow: 0 17px 10px rgba(0,0,0,0.4);}<\/style><span class=\" fusion-imageframe imageframe-bottomshadow imageframe-1 element-bottomshadow hover-type-zoomin\" style=\"border:10px solid #e2e2e2;\"><img width=\"601\" height=\"601\" title=\"a_achirae\" src=\"https:\/\/biologia.utalca.cl\/icb\/wp-content\/uploads\/2023\/10\/a_achirae.jpg\" class=\"img-responsive wp-image-2166\" srcset=\"https:\/\/biologia.utalca.cl\/icb\/wp-content\/uploads\/2023\/10\/a_achirae-200x200.jpg 200w, https:\/\/biologia.utalca.cl\/icb\/wp-content\/uploads\/2023\/10\/a_achirae-400x400.jpg 400w, https:\/\/biologia.utalca.cl\/icb\/wp-content\/uploads\/2023\/10\/a_achirae.jpg 601w\" sizes=\"(max-width: 640px) 100vw, 601px\" \/><\/span><\/div><\/div><\/div><\/div><style type=\"text\/css\">.fusion-body .fusion-builder-column-1{width:50% !important;margin-top : 0px;margin-bottom : 20px;}.fusion-builder-column-1 > .fusion-column-wrapper {padding-top : 0px !important;padding-right : 0px !important;margin-right : 3.84%;padding-bottom : 0px !important;padding-left : 0px !important;margin-left : 3.84%;}@media only screen and (max-width:1024px) {.fusion-body .fusion-builder-column-1{width:50% !important;order : 0;}.fusion-builder-column-1 > .fusion-column-wrapper {margin-right : 3.84%;margin-left : 3.84%;}}@media only screen and (max-width:640px) {.fusion-body .fusion-builder-column-1{width:100% !important;order : 0;}.fusion-builder-column-1 > .fusion-column-wrapper {margin-right : 1.92%;margin-left : 1.92%;}}<\/style><div class=\"fusion-layout-column fusion_builder_column fusion-builder-column-2 fusion_builder_column_1_2 1_2 fusion-flex-column\"><div class=\"fusion-column-wrapper fusion-flex-justify-content-flex-start fusion-content-layout-column\" style=\"background-position:left top;background-repeat:no-repeat;-webkit-background-size:cover;-moz-background-size:cover;-o-background-size:cover;background-size:cover;padding: 0px 0px 0px 0px;\"><div class=\"fusion-text fusion-text-1\" style=\"transform:translate3d(0,0,0);\"><ul class=\"info-ficha\">\n<li class=\"tax-familia\"><b>Familia:<\/b>\u00a0Alstroemeriaceae<\/li>\n<li class=\"tax-genero\"><b>G\u00e9nero:<\/b>\u00a0<em>Alstroemeria<\/em><\/li>\n<li class=\"tax-especie\"><b>Especie:<\/b>\u00a0<em>achirae<\/em><\/li>\n<li class=\"tax-autor\"><b>Autor:<\/b>\u00a0<span class=\"text-capitalize\">M Mu\u00f1oz &amp; Brinck 2000<\/span><\/li>\n<li class=\"tax-crecimiento\"><b>Forma de crecimiento:<\/b>\u00a0Hierba<\/li>\n<li class=\"tax-origen\"><b>Origen:<\/b>\u00a0End\u00e9mica<\/li>\n<li class=\"tax-distribucion\"><b>Distribuci\u00f3n por regiones:<\/b><br \/>\nVII &#8211; Maule<\/li>\n<\/ul>\n<div class=\"wpb_text_column wpb_content_element \">\n<div class=\"wpb_wrapper\"><\/div>\n<\/div>\n<div class=\"wpb_text_column wpb_content_element \">\n<div class=\"wpb_wrapper\">\n<p><strong>Observaciones:<\/strong><\/p>\n<p>Ge\u00f3fita provista de rizoma. Tallos vegetativos con hojas linear lanceoladas, secas al momento de la floraci\u00f3n. Tallos reproductivos muy cortos. Inflorescencia de 3 a 5 rayos, cada uno con 2 o 3 flores. Estas de tama\u00f1o mediano; t\u00e9palos con amplia variabilidad de color: amarillo, blanco y\/o rosado, obovados, los 2 superiores internos o todos, con rayitas p\u00farpura. 6 estambres con el filamento generalmente rojizo. Fruto una c\u00e1psula coronada por el resto del estilo, semillas redondas.<\/p>\n<p>Crece en suelos pedregosos a 1.600 msnm. Especie muy escasa, de la cual se conocen solo 3 poblaciones en lugares sin ning\u00fan grado de protecci\u00f3n. Categor\u00eda de conservaci\u00f3n En Peligro.<\/p>\n<\/div>\n<\/div>\n<p>Fuente Informaci\u00f3n: \u00a0Fundaci\u00f3n R.A. Philippi.<\/p>\n<p>Fotograf\u00eda: Finot, V.; Baeza, C.; Mu\u00f1oz-Schick, M.; Ruiz, E.; Espejo, J.; Alarc\u00f3n, D.; Carrasco, P.; Novoa, P.; Eyzaguirre, MT. 2018. Gu\u00eda de Campo Alstroemerias Chilenas. Ed. Corporaci\u00f3n Chilena de la Madera, Concepci\u00f3n, Chile, 292p<strong>.<\/strong><\/p>\n<\/div><\/div><\/div><style type=\"text\/css\">.fusion-body .fusion-builder-column-2{width:50% !important;margin-top : 0px;margin-bottom : 20px;}.fusion-builder-column-2 > .fusion-column-wrapper {padding-top : 0px !important;padding-right : 0px !important;margin-right : 3.84%;padding-bottom : 0px !important;padding-left : 0px !important;margin-left : 3.84%;}@media only screen and (max-width:1024px) {.fusion-body .fusion-builder-column-2{width:50% !important;order : 0;}.fusion-builder-column-2 > .fusion-column-wrapper {margin-right : 3.84%;margin-left : 3.84%;}}@media only screen and (max-width:640px) {.fusion-body .fusion-builder-column-2{width:100% !important;order : 0;}.fusion-builder-column-2 > .fusion-column-wrapper {margin-right : 1.92%;margin-left : 1.92%;}}<\/style><div class=\"fusion-layout-column fusion_builder_column fusion-builder-column-3 fusion_builder_column_1_1 1_1 fusion-flex-column\"><div class=\"fusion-column-wrapper fusion-flex-justify-content-flex-start fusion-content-layout-column\" style=\"background-position:left top;background-repeat:no-repeat;-webkit-background-size:cover;-moz-background-size:cover;-o-background-size:cover;background-size:cover;padding: 0px 0px 0px 0px;\"><\/div><\/div><style type=\"text\/css\">.fusion-body .fusion-builder-column-3{width:100% !important;margin-top : 0px;margin-bottom : 20px;}.fusion-builder-column-3 > .fusion-column-wrapper {padding-top : 0px !important;padding-right : 0px !important;margin-right : 1.92%;padding-bottom : 0px !important;padding-left : 0px !important;margin-left : 1.92%;}@media only screen and (max-width:1024px) {.fusion-body .fusion-builder-column-3{width:100% !important;order : 0;}.fusion-builder-column-3 > .fusion-column-wrapper {margin-right : 1.92%;margin-left : 1.92%;}}@media only screen and (max-width:640px) {.fusion-body .fusion-builder-column-3{width:100% !important;order : 0;}.fusion-builder-column-3 > .fusion-column-wrapper {margin-right : 1.92%;margin-left : 1.92%;}}<\/style><\/div><style type=\"text\/css\">.fusion-body .fusion-flex-container.fusion-builder-row-1{ padding-top : 0px;margin-top : 0px;padding-right : 0px;padding-bottom : 0px;margin-bottom : 0px;padding-left : 0px;}<\/style><\/div>\n","protected":false},"excerpt":{"rendered":"","protected":false},"author":1,"featured_media":0,"parent":0,"menu_order":0,"comment_status":"closed","ping_status":"closed","template":"100-width.php","meta":[],"_links":{"self":[{"href":"https:\/\/biologia.utalca.cl\/icb\/index.php?rest_route=\/wp\/v2\/pages\/2165"}],"collection":[{"href":"https:\/\/biologia.utalca.cl\/icb\/index.php?rest_route=\/wp\/v2\/pages"}],"about":[{"href":"https:\/\/biologia.utalca.cl\/icb\/index.php?rest_route=\/wp\/v2\/types\/page"}],"author":[{"embeddable":true,"href":"https:\/\/biologia.utalca.cl\/icb\/index.php?rest_route=\/wp\/v2\/users\/1"}],"replies":[{"embeddable":true,"href":"https:\/\/biologia.utalca.cl\/icb\/index.php?rest_route=%2Fwp%2Fv2%2Fcomments&post=2165"}],"version-history":[{"count":3,"href":"https:\/\/biologia.utalca.cl\/icb\/index.php?rest_route=\/wp\/v2\/pages\/2165\/revisions"}],"predecessor-version":[{"id":2169,"href":"https:\/\/biologia.utalca.cl\/icb\/index.php?rest_route=\/wp\/v2\/pages\/2165\/revisions\/2169"}],"wp:attachment":[{"href":"https:\/\/biologia.utalca.cl\/icb\/index.php?rest_route=%2Fwp%2Fv2%2Fmedia&parent=2165"}],"curies":[{"name":"wp","href":"https:\/\/api.w.org\/{rel}","templated":true}]}}