{"id":2209,"date":"2023-10-24T16:18:37","date_gmt":"2023-10-24T19:18:37","guid":{"rendered":"http:\/\/biologia.utalca.cl\/icb\/?page_id=2209"},"modified":"2023-10-24T16:18:37","modified_gmt":"2023-10-24T19:18:37","slug":"peumus-boldus","status":"publish","type":"page","link":"https:\/\/biologia.utalca.cl\/icb\/?page_id=2209","title":{"rendered":"Peumus boldus"},"content":{"rendered":"<div class=\"fusion-fullwidth fullwidth-box fusion-builder-row-1 fusion-flex-container nonhundred-percent-fullwidth non-hundred-percent-height-scrolling\" style=\"background-color: rgba(255,255,255,0);background-position: center center;background-repeat: no-repeat;border-width: 0px 0px 0px 0px;border-color:#e2e2e2;border-style:solid;\" ><div class=\"fusion-builder-row fusion-row fusion-flex-align-items-flex-start\" style=\"max-width:1248px;margin-left: calc(-4% \/ 2 );margin-right: calc(-4% \/ 2 );\"><div class=\"fusion-layout-column fusion_builder_column fusion-builder-column-0 fusion_builder_column_1_1 1_1 fusion-flex-column\"><div class=\"fusion-column-wrapper fusion-flex-justify-content-flex-start fusion-content-layout-column\" style=\"background-position:left top;background-repeat:no-repeat;-webkit-background-size:cover;-moz-background-size:cover;-o-background-size:cover;background-size:cover;padding: 0px 0px 0px 0px;\"><\/div><\/div><style type=\"text\/css\">.fusion-body .fusion-builder-column-0{width:100% !important;margin-top : 0px;margin-bottom : 20px;}.fusion-builder-column-0 > .fusion-column-wrapper {padding-top : 0px !important;padding-right : 0px !important;margin-right : 1.92%;padding-bottom : 0px !important;padding-left : 0px !important;margin-left : 1.92%;}@media only screen and (max-width:1024px) {.fusion-body .fusion-builder-column-0{width:100% !important;order : 0;}.fusion-builder-column-0 > .fusion-column-wrapper {margin-right : 1.92%;margin-left : 1.92%;}}@media only screen and (max-width:640px) {.fusion-body .fusion-builder-column-0{width:100% !important;order : 0;}.fusion-builder-column-0 > .fusion-column-wrapper {margin-right : 1.92%;margin-left : 1.92%;}}<\/style><div class=\"fusion-layout-column fusion_builder_column fusion-builder-column-1 fusion_builder_column_1_2 1_2 fusion-flex-column fusion-flex-align-self-flex-start\"><div class=\"fusion-column-wrapper fusion-flex-justify-content-center fusion-content-layout-column\" style=\"background-position:center center;background-blend-mode: darken;background-repeat:no-repeat;-webkit-background-size:cover;-moz-background-size:cover;-o-background-size:cover;background-size:cover;border-radius:4px 4px 4px 4px;border-radius:4px 4px 4px 4px;overflow:hidden;padding: 0px 0px 0px 0px;\"><div ><div class=\"fusion-image-frame-bottomshadow element-bottomshadow image-frame-shadow-1\"><style>.element-bottomshadow.imageframe-1:before, .element-bottomshadow.imageframe-1:after{-webkit-box-shadow: 0 17px 10px rgba(0,0,0,0.4);box-shadow: 0 17px 10px rgba(0,0,0,0.4);}<\/style><span class=\" fusion-imageframe imageframe-bottomshadow imageframe-1 element-bottomshadow hover-type-zoomin\" style=\"border:10px solid #e2e2e2;\"><img width=\"2560\" height=\"1707\" title=\"peumus boldus\" src=\"https:\/\/biologia.utalca.cl\/icb\/wp-content\/uploads\/2023\/10\/peumus-boldus-scaled.jpg\" class=\"img-responsive wp-image-2210\" srcset=\"https:\/\/biologia.utalca.cl\/icb\/wp-content\/uploads\/2023\/10\/peumus-boldus-200x133.jpg 200w, https:\/\/biologia.utalca.cl\/icb\/wp-content\/uploads\/2023\/10\/peumus-boldus-400x267.jpg 400w, https:\/\/biologia.utalca.cl\/icb\/wp-content\/uploads\/2023\/10\/peumus-boldus-600x400.jpg 600w, https:\/\/biologia.utalca.cl\/icb\/wp-content\/uploads\/2023\/10\/peumus-boldus-800x533.jpg 800w, https:\/\/biologia.utalca.cl\/icb\/wp-content\/uploads\/2023\/10\/peumus-boldus-1200x800.jpg 1200w, https:\/\/biologia.utalca.cl\/icb\/wp-content\/uploads\/2023\/10\/peumus-boldus-scaled.jpg 2560w\" sizes=\"(max-width: 640px) 100vw, 600px\" \/><\/span><\/div><\/div><\/div><\/div><style type=\"text\/css\">.fusion-body .fusion-builder-column-1{width:50% !important;margin-top : 0px;margin-bottom : 20px;}.fusion-builder-column-1 > .fusion-column-wrapper {padding-top : 0px !important;padding-right : 0px !important;margin-right : 3.84%;padding-bottom : 0px !important;padding-left : 0px !important;margin-left : 3.84%;}@media only screen and (max-width:1024px) {.fusion-body .fusion-builder-column-1{width:50% !important;order : 0;}.fusion-builder-column-1 > .fusion-column-wrapper {margin-right : 3.84%;margin-left : 3.84%;}}@media only screen and (max-width:640px) {.fusion-body .fusion-builder-column-1{width:100% !important;order : 0;}.fusion-builder-column-1 > .fusion-column-wrapper {margin-right : 1.92%;margin-left : 1.92%;}}<\/style><div class=\"fusion-layout-column fusion_builder_column fusion-builder-column-2 fusion_builder_column_1_2 1_2 fusion-flex-column\"><div class=\"fusion-column-wrapper fusion-flex-justify-content-flex-start fusion-content-layout-column\" style=\"background-position:left top;background-repeat:no-repeat;-webkit-background-size:cover;-moz-background-size:cover;-o-background-size:cover;background-size:cover;padding: 0px 0px 0px 0px;\"><div class=\"fusion-text fusion-text-1\" style=\"transform:translate3d(0,0,0);\"><ul class=\"info-ficha\">\n<li class=\"tax-familia\"><b>Familia:<\/b>\u00a0Monimiaceae<\/li>\n<li class=\"tax-genero\"><b>G\u00e9nero:<\/b><em>\u00a0Peumus<\/em><\/li>\n<li class=\"tax-especie\"><b>Especie:<\/b><em>\u00a0boldus<\/em><\/li>\n<li class=\"tax-autor\"><b>Autor:<\/b>\u00a0<span class=\"text-capitalize\">Molina 1782<\/span><\/li>\n<li class=\"tax-comun\"><b>Nombre com\u00fan:<\/b>\u00a0<span class=\"text-capitalize\">Boldu<br \/>\nBoldo<br \/>\n<\/span><\/li>\n<li class=\"tax-sinonimo\"><b>Sin\u00f3nimo:<\/b>\u00a0<span class=\"text-capitalize\">Boldea Boldus (Molina) Looser<br \/>\nRuizia Fragans Ruiz &amp; Pavon<br \/>\n<\/span><\/li>\n<li class=\"tax-crecimiento\"><b>Forma de crecimiento:<\/b>\u00a0\u00c1rbol<\/li>\n<li class=\"tax-origen\"><b>Origen:<\/b>\u00a0End\u00e9mica<\/li>\n<li class=\"tax-distribucion\"><b>Distribuci\u00f3n por regiones:<\/b><br \/>\nIV &#8211; Coquimbo<br \/>\nV &#8211; Valpara\u00edso<br \/>\nRegi\u00f3n Metropolitana de Santiago<br \/>\nVI &#8211; O&#8217;Higgins<br \/>\nVII &#8211; Maule<br \/>\nVIII &#8211; Biob\u00edo<br \/>\nIX &#8211; Araucan\u00eda<br \/>\nXIV &#8211; Los R\u00edos<br \/>\nX &#8211; Los Lagos<\/li>\n<\/ul>\n<div class=\"wpb_text_column wpb_content_element \">\n<div class=\"wpb_wrapper\"><\/div>\n<\/div>\n<div class=\"wpb_text_column wpb_content_element \">\n<div class=\"wpb_wrapper\">\n<p><b>Observaciones:<\/b><\/p>\n<p>Alcanza hasta 20 m de altura. Dioico. Tronco corto. Corteza gris\u00e1cea, agrietada. Ramas tupidas. Hojas perennes, cori\u00e1ceas, cubiertas de pelos fasciculados duros, verde oscuro por el haz y mas claras por el env\u00e9s, glandulosas, arom\u00e1ticas, revolutas cuando crece al sol.\u00a0Flores blanco crema\u00a0reunidas en racimos cortos; las\u00a0masculinas con 10 a 12 segmentos petalo\u00eddeos, numerosos estambres sobresalientes, anteras anaranjadas; las femeninas mas peque\u00f1as. Fruto una drupa dulce comestible.<\/p>\n<p>Integrante del matorral mediterr\u00e1neo. En su distribuci\u00f3n norte se comporta como arbusto o arbolito, mas al sur llega a ser un \u00e1rbol de considerable tama\u00f1o. Crecimiento lento<\/p>\n<p>De sus hojas se extrae boldina, un alcaloide con propiedades medicinales.<\/p>\n<\/div>\n<\/div>\n<p>Fuente Informaci\u00f3n: \u00a0Fundaci\u00f3n R.A. Philippi.<\/p>\n<p>Fotograf\u00eda: Herbario Utalca<\/p>\n<\/div><\/div><\/div><style type=\"text\/css\">.fusion-body .fusion-builder-column-2{width:50% !important;margin-top : 0px;margin-bottom : 20px;}.fusion-builder-column-2 > .fusion-column-wrapper {padding-top : 0px !important;padding-right : 0px !important;margin-right : 3.84%;padding-bottom : 0px !important;padding-left : 0px !important;margin-left : 3.84%;}@media only screen and (max-width:1024px) {.fusion-body .fusion-builder-column-2{width:50% !important;order : 0;}.fusion-builder-column-2 > .fusion-column-wrapper {margin-right : 3.84%;margin-left : 3.84%;}}@media only screen and (max-width:640px) {.fusion-body .fusion-builder-column-2{width:100% !important;order : 0;}.fusion-builder-column-2 > .fusion-column-wrapper {margin-right : 1.92%;margin-left : 1.92%;}}<\/style><div class=\"fusion-layout-column fusion_builder_column fusion-builder-column-3 fusion_builder_column_1_1 1_1 fusion-flex-column\"><div class=\"fusion-column-wrapper fusion-flex-justify-content-flex-start fusion-content-layout-column\" style=\"background-position:left top;background-repeat:no-repeat;-webkit-background-size:cover;-moz-background-size:cover;-o-background-size:cover;background-size:cover;padding: 0px 0px 0px 0px;\"><\/div><\/div><style type=\"text\/css\">.fusion-body .fusion-builder-column-3{width:100% !important;margin-top : 0px;margin-bottom : 20px;}.fusion-builder-column-3 > .fusion-column-wrapper {padding-top : 0px !important;padding-right : 0px !important;margin-right : 1.92%;padding-bottom : 0px !important;padding-left : 0px !important;margin-left : 1.92%;}@media only screen and (max-width:1024px) {.fusion-body .fusion-builder-column-3{width:100% !important;order : 0;}.fusion-builder-column-3 > .fusion-column-wrapper {margin-right : 1.92%;margin-left : 1.92%;}}@media only screen and (max-width:640px) {.fusion-body .fusion-builder-column-3{width:100% !important;order : 0;}.fusion-builder-column-3 > .fusion-column-wrapper {margin-right : 1.92%;margin-left : 1.92%;}}<\/style><\/div><style type=\"text\/css\">.fusion-body .fusion-flex-container.fusion-builder-row-1{ padding-top : 0px;margin-top : 0px;padding-right : 0px;padding-bottom : 0px;margin-bottom : 0px;padding-left : 0px;}<\/style><\/div>\n","protected":false},"excerpt":{"rendered":"","protected":false},"author":1,"featured_media":0,"parent":0,"menu_order":0,"comment_status":"closed","ping_status":"closed","template":"100-width.php","meta":[],"_links":{"self":[{"href":"https:\/\/biologia.utalca.cl\/icb\/index.php?rest_route=\/wp\/v2\/pages\/2209"}],"collection":[{"href":"https:\/\/biologia.utalca.cl\/icb\/index.php?rest_route=\/wp\/v2\/pages"}],"about":[{"href":"https:\/\/biologia.utalca.cl\/icb\/index.php?rest_route=\/wp\/v2\/types\/page"}],"author":[{"embeddable":true,"href":"https:\/\/biologia.utalca.cl\/icb\/index.php?rest_route=\/wp\/v2\/users\/1"}],"replies":[{"embeddable":true,"href":"https:\/\/biologia.utalca.cl\/icb\/index.php?rest_route=%2Fwp%2Fv2%2Fcomments&post=2209"}],"version-history":[{"count":3,"href":"https:\/\/biologia.utalca.cl\/icb\/index.php?rest_route=\/wp\/v2\/pages\/2209\/revisions"}],"predecessor-version":[{"id":2213,"href":"https:\/\/biologia.utalca.cl\/icb\/index.php?rest_route=\/wp\/v2\/pages\/2209\/revisions\/2213"}],"wp:attachment":[{"href":"https:\/\/biologia.utalca.cl\/icb\/index.php?rest_route=%2Fwp%2Fv2%2Fmedia&parent=2209"}],"curies":[{"name":"wp","href":"https:\/\/api.w.org\/{rel}","templated":true}]}}