{"id":2252,"date":"2023-10-25T16:18:12","date_gmt":"2023-10-25T19:18:12","guid":{"rendered":"http:\/\/biologia.utalca.cl\/icb\/?page_id=2252"},"modified":"2023-10-25T16:18:49","modified_gmt":"2023-10-25T19:18:49","slug":"boquila-trifoliolata","status":"publish","type":"page","link":"https:\/\/biologia.utalca.cl\/icb\/?page_id=2252","title":{"rendered":"Boquila trifoliolata"},"content":{"rendered":"<div class=\"fusion-fullwidth fullwidth-box fusion-builder-row-1 fusion-flex-container nonhundred-percent-fullwidth non-hundred-percent-height-scrolling\" style=\"background-color: rgba(255,255,255,0);background-position: center center;background-repeat: no-repeat;border-width: 0px 0px 0px 0px;border-color:#e2e2e2;border-style:solid;\" ><div class=\"fusion-builder-row fusion-row fusion-flex-align-items-flex-start\" style=\"max-width:1248px;margin-left: calc(-4% \/ 2 );margin-right: calc(-4% \/ 2 );\"><div class=\"fusion-layout-column fusion_builder_column fusion-builder-column-0 fusion_builder_column_1_1 1_1 fusion-flex-column\"><div class=\"fusion-column-wrapper fusion-flex-justify-content-flex-start fusion-content-layout-column\" style=\"background-position:left top;background-repeat:no-repeat;-webkit-background-size:cover;-moz-background-size:cover;-o-background-size:cover;background-size:cover;padding: 0px 0px 0px 0px;\"><\/div><\/div><style type=\"text\/css\">.fusion-body .fusion-builder-column-0{width:100% !important;margin-top : 0px;margin-bottom : 20px;}.fusion-builder-column-0 > .fusion-column-wrapper {padding-top : 0px !important;padding-right : 0px !important;margin-right : 1.92%;padding-bottom : 0px !important;padding-left : 0px !important;margin-left : 1.92%;}@media only screen and (max-width:1024px) {.fusion-body .fusion-builder-column-0{width:100% !important;order : 0;}.fusion-builder-column-0 > .fusion-column-wrapper {margin-right : 1.92%;margin-left : 1.92%;}}@media only screen and (max-width:640px) {.fusion-body .fusion-builder-column-0{width:100% !important;order : 0;}.fusion-builder-column-0 > .fusion-column-wrapper {margin-right : 1.92%;margin-left : 1.92%;}}<\/style><div class=\"fusion-layout-column fusion_builder_column fusion-builder-column-1 fusion_builder_column_1_2 1_2 fusion-flex-column fusion-flex-align-self-flex-start\"><div class=\"fusion-column-wrapper fusion-flex-justify-content-center fusion-content-layout-column\" style=\"background-position:center center;background-blend-mode: darken;background-repeat:no-repeat;-webkit-background-size:cover;-moz-background-size:cover;-o-background-size:cover;background-size:cover;border-radius:4px 4px 4px 4px;border-radius:4px 4px 4px 4px;overflow:hidden;padding: 0px 0px 0px 0px;\"><div ><div class=\"fusion-image-frame-bottomshadow element-bottomshadow image-frame-shadow-1\"><style>.element-bottomshadow.imageframe-1:before, .element-bottomshadow.imageframe-1:after{-webkit-box-shadow: 0 17px 10px rgba(0,0,0,0.4);box-shadow: 0 17px 10px rgba(0,0,0,0.4);}<\/style><span class=\" fusion-imageframe imageframe-bottomshadow imageframe-1 element-bottomshadow hover-type-zoomin\" style=\"border:10px solid #e2e2e2;\"><img width=\"956\" height=\"716\" title=\"Boquilla trifoliolata_Fund_Philippi\" src=\"https:\/\/biologia.utalca.cl\/icb\/wp-content\/uploads\/2023\/10\/Boquilla-trifoliolata_Fund_Philippi.png\" class=\"img-responsive wp-image-2253\" srcset=\"https:\/\/biologia.utalca.cl\/icb\/wp-content\/uploads\/2023\/10\/Boquilla-trifoliolata_Fund_Philippi-200x150.png 200w, https:\/\/biologia.utalca.cl\/icb\/wp-content\/uploads\/2023\/10\/Boquilla-trifoliolata_Fund_Philippi-400x300.png 400w, https:\/\/biologia.utalca.cl\/icb\/wp-content\/uploads\/2023\/10\/Boquilla-trifoliolata_Fund_Philippi-600x449.png 600w, https:\/\/biologia.utalca.cl\/icb\/wp-content\/uploads\/2023\/10\/Boquilla-trifoliolata_Fund_Philippi-800x599.png 800w, https:\/\/biologia.utalca.cl\/icb\/wp-content\/uploads\/2023\/10\/Boquilla-trifoliolata_Fund_Philippi.png 956w\" sizes=\"(max-width: 640px) 100vw, 600px\" \/><\/span><\/div><\/div><\/div><\/div><style type=\"text\/css\">.fusion-body .fusion-builder-column-1{width:50% !important;margin-top : 0px;margin-bottom : 20px;}.fusion-builder-column-1 > .fusion-column-wrapper {padding-top : 0px !important;padding-right : 0px !important;margin-right : 3.84%;padding-bottom : 0px !important;padding-left : 0px !important;margin-left : 3.84%;}@media only screen and (max-width:1024px) {.fusion-body .fusion-builder-column-1{width:50% !important;order : 0;}.fusion-builder-column-1 > .fusion-column-wrapper {margin-right : 3.84%;margin-left : 3.84%;}}@media only screen and (max-width:640px) {.fusion-body .fusion-builder-column-1{width:100% !important;order : 0;}.fusion-builder-column-1 > .fusion-column-wrapper {margin-right : 1.92%;margin-left : 1.92%;}}<\/style><div class=\"fusion-layout-column fusion_builder_column fusion-builder-column-2 fusion_builder_column_1_2 1_2 fusion-flex-column\"><div class=\"fusion-column-wrapper fusion-flex-justify-content-flex-start fusion-content-layout-column\" style=\"background-position:left top;background-repeat:no-repeat;-webkit-background-size:cover;-moz-background-size:cover;-o-background-size:cover;background-size:cover;padding: 0px 0px 0px 0px;\"><div class=\"fusion-text fusion-text-1\" style=\"transform:translate3d(0,0,0);\"><ul class=\"info-ficha\">\n<li class=\"tax-familia\"><b>Familia:<\/b>\u00a0Lardizabalaceae<\/li>\n<li class=\"tax-genero\"><b>G\u00e9nero:<\/b>\u00a0<em>Boquila<\/em><\/li>\n<li class=\"tax-especie\"><b>Especie:<\/b>\u00a0<em>trifoliolata<\/em><\/li>\n<li class=\"tax-autor\"><b>Autor:<\/b>\u00a0<span class=\"text-capitalize\">(DC.) Decne. 1839<\/span><\/li>\n<li class=\"tax-comun\"><b>Nombre com\u00fan:<\/b>\u00a0<span class=\"text-capitalize\">Voqui Blanco<br \/>\nPilpilvoqui<br \/>\n<\/span><\/li>\n<li class=\"tax-sinonimo\"><b>Sin\u00f3nimo:<\/b>\u00a0<span class=\"text-capitalize\">Cogyla Ternata Molina<br \/>\nLardizabala Trifoliolata Dc.<br \/>\n<\/span><\/li>\n<li class=\"tax-crecimiento\"><b>Forma de crecimiento:<\/b>\u00a0Trepadora<\/li>\n<li class=\"tax-origen\"><b>Origen:<\/b>\u00a0Nativa<\/li>\n<li class=\"tax-distribucion\"><b>Distribuci\u00f3n por regiones:<\/b><br \/>\nVII &#8211; Maule<br \/>\nVIII &#8211; Biob\u00edo<br \/>\nIX &#8211; Araucan\u00eda<br \/>\nXIV &#8211; Los R\u00edos<br \/>\nX &#8211; Los Lagos<\/li>\n<\/ul>\n<div class=\"wpb_text_column wpb_content_element \">\n<div class=\"wpb_wrapper\"><\/div>\n<\/div>\n<div class=\"wpb_text_column wpb_content_element \">\n<div class=\"wpb_wrapper\">\n<p><strong>Observaciones:<\/strong><\/p>\n<p>Tallos volubles estriados cuando adultos. Hojas verde claro, alternas, compuestas de 3 fol\u00edolos, el central mas grande, margen a veces lobulado. Dioico. Flores peque\u00f1as amarillo crema, axilares. 6 s\u00e9palos en 2 series y 6 p\u00e9talos lanceolados mas chicos. Las masculinas con 6 estambres unidos formando un tubo, las femeninas con estilo corto y estigma lanceolado. Florece en primavera.\u00a0Fruto una baya redondeada blanquecina con 1 a 4 semillas.<\/p>\n<p>Crece en bosques h\u00famedos a la sombra y a veces tambi\u00e9n con algo de sol.<\/p>\n<\/div>\n<\/div>\n<p>Fuente Informaci\u00f3n: \u00a0Fundaci\u00f3n R.A. Philippi.<\/p>\n<\/div><\/div><\/div><style type=\"text\/css\">.fusion-body .fusion-builder-column-2{width:50% !important;margin-top : 0px;margin-bottom : 20px;}.fusion-builder-column-2 > .fusion-column-wrapper {padding-top : 0px !important;padding-right : 0px !important;margin-right : 3.84%;padding-bottom : 0px !important;padding-left : 0px !important;margin-left : 3.84%;}@media only screen and (max-width:1024px) {.fusion-body .fusion-builder-column-2{width:50% !important;order : 0;}.fusion-builder-column-2 > .fusion-column-wrapper {margin-right : 3.84%;margin-left : 3.84%;}}@media only screen and (max-width:640px) {.fusion-body .fusion-builder-column-2{width:100% !important;order : 0;}.fusion-builder-column-2 > .fusion-column-wrapper {margin-right : 1.92%;margin-left : 1.92%;}}<\/style><div class=\"fusion-layout-column fusion_builder_column fusion-builder-column-3 fusion_builder_column_1_1 1_1 fusion-flex-column\"><div class=\"fusion-column-wrapper fusion-flex-justify-content-flex-start fusion-content-layout-column\" style=\"background-position:left top;background-repeat:no-repeat;-webkit-background-size:cover;-moz-background-size:cover;-o-background-size:cover;background-size:cover;padding: 0px 0px 0px 0px;\"><\/div><\/div><style type=\"text\/css\">.fusion-body .fusion-builder-column-3{width:100% !important;margin-top : 0px;margin-bottom : 20px;}.fusion-builder-column-3 > .fusion-column-wrapper {padding-top : 0px !important;padding-right : 0px !important;margin-right : 1.92%;padding-bottom : 0px !important;padding-left : 0px !important;margin-left : 1.92%;}@media only screen and (max-width:1024px) {.fusion-body .fusion-builder-column-3{width:100% !important;order : 0;}.fusion-builder-column-3 > .fusion-column-wrapper {margin-right : 1.92%;margin-left : 1.92%;}}@media only screen and (max-width:640px) {.fusion-body .fusion-builder-column-3{width:100% !important;order : 0;}.fusion-builder-column-3 > .fusion-column-wrapper {margin-right : 1.92%;margin-left : 1.92%;}}<\/style><\/div><style type=\"text\/css\">.fusion-body .fusion-flex-container.fusion-builder-row-1{ padding-top : 0px;margin-top : 0px;padding-right : 0px;padding-bottom : 0px;margin-bottom : 0px;padding-left : 0px;}<\/style><\/div>\n","protected":false},"excerpt":{"rendered":"","protected":false},"author":1,"featured_media":0,"parent":0,"menu_order":0,"comment_status":"closed","ping_status":"closed","template":"100-width.php","meta":[],"_links":{"self":[{"href":"https:\/\/biologia.utalca.cl\/icb\/index.php?rest_route=\/wp\/v2\/pages\/2252"}],"collection":[{"href":"https:\/\/biologia.utalca.cl\/icb\/index.php?rest_route=\/wp\/v2\/pages"}],"about":[{"href":"https:\/\/biologia.utalca.cl\/icb\/index.php?rest_route=\/wp\/v2\/types\/page"}],"author":[{"embeddable":true,"href":"https:\/\/biologia.utalca.cl\/icb\/index.php?rest_route=\/wp\/v2\/users\/1"}],"replies":[{"embeddable":true,"href":"https:\/\/biologia.utalca.cl\/icb\/index.php?rest_route=%2Fwp%2Fv2%2Fcomments&post=2252"}],"version-history":[{"count":3,"href":"https:\/\/biologia.utalca.cl\/icb\/index.php?rest_route=\/wp\/v2\/pages\/2252\/revisions"}],"predecessor-version":[{"id":2285,"href":"https:\/\/biologia.utalca.cl\/icb\/index.php?rest_route=\/wp\/v2\/pages\/2252\/revisions\/2285"}],"wp:attachment":[{"href":"https:\/\/biologia.utalca.cl\/icb\/index.php?rest_route=%2Fwp%2Fv2%2Fmedia&parent=2252"}],"curies":[{"name":"wp","href":"https:\/\/api.w.org\/{rel}","templated":true}]}}