{"id":2280,"date":"2023-10-25T16:15:17","date_gmt":"2023-10-25T19:15:17","guid":{"rendered":"http:\/\/biologia.utalca.cl\/icb\/?page_id=2280"},"modified":"2023-10-25T16:16:22","modified_gmt":"2023-10-25T19:16:22","slug":"schinus-latifolius","status":"publish","type":"page","link":"https:\/\/biologia.utalca.cl\/icb\/?page_id=2280","title":{"rendered":"Schinus latifolius"},"content":{"rendered":"<div class=\"fusion-fullwidth fullwidth-box fusion-builder-row-1 fusion-flex-container nonhundred-percent-fullwidth non-hundred-percent-height-scrolling\" style=\"background-color: rgba(255,255,255,0);background-position: center center;background-repeat: no-repeat;border-width: 0px 0px 0px 0px;border-color:#e2e2e2;border-style:solid;\" ><div class=\"fusion-builder-row fusion-row fusion-flex-align-items-flex-start\" style=\"max-width:1248px;margin-left: calc(-4% \/ 2 );margin-right: calc(-4% \/ 2 );\"><div class=\"fusion-layout-column fusion_builder_column fusion-builder-column-0 fusion_builder_column_1_1 1_1 fusion-flex-column\"><div class=\"fusion-column-wrapper fusion-flex-justify-content-flex-start fusion-content-layout-column\" style=\"background-position:left top;background-repeat:no-repeat;-webkit-background-size:cover;-moz-background-size:cover;-o-background-size:cover;background-size:cover;padding: 0px 0px 0px 0px;\"><\/div><\/div><style type=\"text\/css\">.fusion-body .fusion-builder-column-0{width:100% !important;margin-top : 0px;margin-bottom : 20px;}.fusion-builder-column-0 > .fusion-column-wrapper {padding-top : 0px !important;padding-right : 0px !important;margin-right : 1.92%;padding-bottom : 0px !important;padding-left : 0px !important;margin-left : 1.92%;}@media only screen and (max-width:1024px) {.fusion-body .fusion-builder-column-0{width:100% !important;order : 0;}.fusion-builder-column-0 > .fusion-column-wrapper {margin-right : 1.92%;margin-left : 1.92%;}}@media only screen and (max-width:640px) {.fusion-body .fusion-builder-column-0{width:100% !important;order : 0;}.fusion-builder-column-0 > .fusion-column-wrapper {margin-right : 1.92%;margin-left : 1.92%;}}<\/style><div class=\"fusion-layout-column fusion_builder_column fusion-builder-column-1 fusion_builder_column_1_2 1_2 fusion-flex-column fusion-flex-align-self-flex-start\"><div class=\"fusion-column-wrapper fusion-flex-justify-content-center fusion-content-layout-column\" style=\"background-position:center center;background-blend-mode: darken;background-repeat:no-repeat;-webkit-background-size:cover;-moz-background-size:cover;-o-background-size:cover;background-size:cover;border-radius:4px 4px 4px 4px;border-radius:4px 4px 4px 4px;overflow:hidden;padding: 0px 0px 0px 0px;\"><div ><div class=\"fusion-image-frame-bottomshadow element-bottomshadow image-frame-shadow-1\"><style>.element-bottomshadow.imageframe-1:before, .element-bottomshadow.imageframe-1:after{-webkit-box-shadow: 0 17px 10px rgba(0,0,0,0.4);box-shadow: 0 17px 10px rgba(0,0,0,0.4);}<\/style><span class=\" fusion-imageframe imageframe-bottomshadow imageframe-1 element-bottomshadow hover-type-zoomin\" style=\"border:10px solid #e2e2e2;\"><img width=\"1432\" height=\"1068\" title=\"Schinus latifolius\" src=\"https:\/\/biologia.utalca.cl\/icb\/wp-content\/uploads\/2023\/10\/Schinus-latifolius_Fund_PHILIPPI.png\" class=\"img-responsive wp-image-2281\" srcset=\"https:\/\/biologia.utalca.cl\/icb\/wp-content\/uploads\/2023\/10\/Schinus-latifolius_Fund_PHILIPPI-200x149.png 200w, https:\/\/biologia.utalca.cl\/icb\/wp-content\/uploads\/2023\/10\/Schinus-latifolius_Fund_PHILIPPI-400x298.png 400w, https:\/\/biologia.utalca.cl\/icb\/wp-content\/uploads\/2023\/10\/Schinus-latifolius_Fund_PHILIPPI-600x447.png 600w, https:\/\/biologia.utalca.cl\/icb\/wp-content\/uploads\/2023\/10\/Schinus-latifolius_Fund_PHILIPPI-800x597.png 800w, https:\/\/biologia.utalca.cl\/icb\/wp-content\/uploads\/2023\/10\/Schinus-latifolius_Fund_PHILIPPI-1200x895.png 1200w, https:\/\/biologia.utalca.cl\/icb\/wp-content\/uploads\/2023\/10\/Schinus-latifolius_Fund_PHILIPPI.png 1432w\" sizes=\"(max-width: 640px) 100vw, 600px\" \/><\/span><\/div><\/div><\/div><\/div><style type=\"text\/css\">.fusion-body .fusion-builder-column-1{width:50% !important;margin-top : 0px;margin-bottom : 20px;}.fusion-builder-column-1 > .fusion-column-wrapper {padding-top : 0px !important;padding-right : 0px !important;margin-right : 3.84%;padding-bottom : 0px !important;padding-left : 0px !important;margin-left : 3.84%;}@media only screen and (max-width:1024px) {.fusion-body .fusion-builder-column-1{width:50% !important;order : 0;}.fusion-builder-column-1 > .fusion-column-wrapper {margin-right : 3.84%;margin-left : 3.84%;}}@media only screen and (max-width:640px) {.fusion-body .fusion-builder-column-1{width:100% !important;order : 0;}.fusion-builder-column-1 > .fusion-column-wrapper {margin-right : 1.92%;margin-left : 1.92%;}}<\/style><div class=\"fusion-layout-column fusion_builder_column fusion-builder-column-2 fusion_builder_column_1_2 1_2 fusion-flex-column\"><div class=\"fusion-column-wrapper fusion-flex-justify-content-flex-start fusion-content-layout-column\" style=\"background-position:left top;background-repeat:no-repeat;-webkit-background-size:cover;-moz-background-size:cover;-o-background-size:cover;background-size:cover;padding: 0px 0px 0px 0px;\"><div class=\"fusion-text fusion-text-1\" style=\"transform:translate3d(0,0,0);\"><ul class=\"info-ficha\">\n<li class=\"tax-familia\"><b>Familia:<\/b>\u00a0Anacardiaceae<\/li>\n<li class=\"tax-genero\"><b>G\u00e9nero:<\/b>\u00a0Schinus<\/li>\n<li class=\"tax-especie\"><b>Especie:<\/b>\u00a0latifolius<\/li>\n<li class=\"tax-autor\"><b>Autor:<\/b>\u00a0<span class=\"text-capitalize\">(Gillies Ex Lindl.) Engl. 1876<\/span><\/li>\n<li class=\"tax-comun\"><b>Nombre com\u00fan:<\/b>\u00a0<span class=\"text-capitalize\">Molle<br \/>\n<\/span><\/li>\n<li class=\"tax-sinonimo\"><b>Sin\u00f3nimo:<\/b>\u00a0<span class=\"text-capitalize\">Duvaua Latifolia Gillies Ex Lindl.<br \/>\nLitrea Molle Gay<br \/>\n<\/span><\/li>\n<li class=\"tax-crecimiento\"><b>Forma de crecimiento:<\/b>\u00a0\u00c1rbol<\/li>\n<li class=\"tax-origen\"><b>Origen:<\/b>\u00a0End\u00e9mica<\/li>\n<li class=\"tax-distribucion\"><b>Distribuci\u00f3n por regiones:<\/b><br \/>\nIV &#8211; Coquimbo<br \/>\nV &#8211; Valpara\u00edso<br \/>\nVI &#8211; O&#8217;Higgins<br \/>\nVII &#8211; Maule<\/li>\n<\/ul>\n<div class=\"wpb_text_column wpb_content_element \">\n<div class=\"wpb_wrapper\"><\/div>\n<\/div>\n<div class=\"wpb_text_column wpb_content_element \">\n<div class=\"wpb_wrapper\">\n<p><b>Observaciones:<\/b><\/p>\n<p>Hasta 5 m. Dioico. Muy ramificado, corteza caf\u00e9 agrietada en placas rectangulares. Hojas perennes, alternas, subcori\u00e1ceas, glabras, eliptico oblongas generalmente dobladas hacia arriba por el nervio medio, margen aserrado, nervadura marcada, arom\u00e1ticas. Inflorescencia racemosa. Flores peque\u00f1as, blanco amarillentas, p\u00e9talos oblongos, las masculinas con 8 a 10 estambres, las femeninas con ovario globoso y estilo corto terminado en 3 estigmas globosos. Fruto una drupa negruzca con 1 sola semilla.<\/p>\n<p>Crece en la zona costera y laderas poniente de la cordillera de La Costa, formando parte del matorral costero. Necesita aire h\u00famedo.<\/p>\n<\/div>\n<\/div>\n<p>Fuente Informaci\u00f3n: \u00a0Fundaci\u00f3n R.A. Philippi.<\/p>\n<\/div><\/div><\/div><style type=\"text\/css\">.fusion-body .fusion-builder-column-2{width:50% !important;margin-top : 0px;margin-bottom : 20px;}.fusion-builder-column-2 > .fusion-column-wrapper {padding-top : 0px !important;padding-right : 0px !important;margin-right : 3.84%;padding-bottom : 0px !important;padding-left : 0px !important;margin-left : 3.84%;}@media only screen and (max-width:1024px) {.fusion-body .fusion-builder-column-2{width:50% !important;order : 0;}.fusion-builder-column-2 > .fusion-column-wrapper {margin-right : 3.84%;margin-left : 3.84%;}}@media only screen and (max-width:640px) {.fusion-body .fusion-builder-column-2{width:100% !important;order : 0;}.fusion-builder-column-2 > .fusion-column-wrapper {margin-right : 1.92%;margin-left : 1.92%;}}<\/style><div class=\"fusion-layout-column fusion_builder_column fusion-builder-column-3 fusion_builder_column_1_1 1_1 fusion-flex-column\"><div class=\"fusion-column-wrapper fusion-flex-justify-content-flex-start fusion-content-layout-column\" style=\"background-position:left top;background-repeat:no-repeat;-webkit-background-size:cover;-moz-background-size:cover;-o-background-size:cover;background-size:cover;padding: 0px 0px 0px 0px;\"><\/div><\/div><style type=\"text\/css\">.fusion-body .fusion-builder-column-3{width:100% !important;margin-top : 0px;margin-bottom : 20px;}.fusion-builder-column-3 > .fusion-column-wrapper {padding-top : 0px !important;padding-right : 0px !important;margin-right : 1.92%;padding-bottom : 0px !important;padding-left : 0px !important;margin-left : 1.92%;}@media only screen and (max-width:1024px) {.fusion-body .fusion-builder-column-3{width:100% !important;order : 0;}.fusion-builder-column-3 > .fusion-column-wrapper {margin-right : 1.92%;margin-left : 1.92%;}}@media only screen and (max-width:640px) {.fusion-body .fusion-builder-column-3{width:100% !important;order : 0;}.fusion-builder-column-3 > .fusion-column-wrapper {margin-right : 1.92%;margin-left : 1.92%;}}<\/style><\/div><style type=\"text\/css\">.fusion-body .fusion-flex-container.fusion-builder-row-1{ padding-top : 0px;margin-top : 0px;padding-right : 0px;padding-bottom : 0px;margin-bottom : 0px;padding-left : 0px;}<\/style><\/div>\n","protected":false},"excerpt":{"rendered":"","protected":false},"author":1,"featured_media":0,"parent":0,"menu_order":0,"comment_status":"closed","ping_status":"closed","template":"100-width.php","meta":[],"_links":{"self":[{"href":"https:\/\/biologia.utalca.cl\/icb\/index.php?rest_route=\/wp\/v2\/pages\/2280"}],"collection":[{"href":"https:\/\/biologia.utalca.cl\/icb\/index.php?rest_route=\/wp\/v2\/pages"}],"about":[{"href":"https:\/\/biologia.utalca.cl\/icb\/index.php?rest_route=\/wp\/v2\/types\/page"}],"author":[{"embeddable":true,"href":"https:\/\/biologia.utalca.cl\/icb\/index.php?rest_route=\/wp\/v2\/users\/1"}],"replies":[{"embeddable":true,"href":"https:\/\/biologia.utalca.cl\/icb\/index.php?rest_route=%2Fwp%2Fv2%2Fcomments&post=2280"}],"version-history":[{"count":2,"href":"https:\/\/biologia.utalca.cl\/icb\/index.php?rest_route=\/wp\/v2\/pages\/2280\/revisions"}],"predecessor-version":[{"id":2283,"href":"https:\/\/biologia.utalca.cl\/icb\/index.php?rest_route=\/wp\/v2\/pages\/2280\/revisions\/2283"}],"wp:attachment":[{"href":"https:\/\/biologia.utalca.cl\/icb\/index.php?rest_route=%2Fwp%2Fv2%2Fmedia&parent=2280"}],"curies":[{"name":"wp","href":"https:\/\/api.w.org\/{rel}","templated":true}]}}