{"id":531,"date":"2021-07-30T13:01:58","date_gmt":"2021-07-30T16:01:58","guid":{"rendered":"http:\/\/biologia.utalca.cl\/icb\/?page_id=531"},"modified":"2024-09-23T15:10:38","modified_gmt":"2024-09-23T18:10:38","slug":"dr-fernando-guerra","status":"publish","type":"page","link":"https:\/\/biologia.utalca.cl\/icb\/?page_id=531","title":{"rendered":"DR. FERNANDO GUERRA"},"content":{"rendered":"<p><div class=\"fusion-fullwidth fullwidth-box fusion-builder-row-1 fusion-flex-container nonhundred-percent-fullwidth non-hundred-percent-height-scrolling\" style=\"background-color: rgba(255,255,255,0);background-position: center center;background-repeat: no-repeat;border-width: 0px 0px 0px 0px;border-color:#e2e2e2;border-style:solid;\" ><div class=\"fusion-builder-row fusion-row fusion-flex-align-items-flex-start\" style=\"max-width:1248px;margin-left: calc(-4% \/ 2 );margin-right: calc(-4% \/ 2 );\"><div class=\"fusion-layout-column fusion_builder_column fusion-builder-column-0 fusion_builder_column_1_3 1_3 fusion-flex-column fusion-flex-align-self-stretch fusion-column-inner-bg-wrapper\"><div class=\"fusion-column-wrapper fusion-flex-justify-content-flex-start fusion-content-layout-column\" style=\"border-radius:4px 4px 4px 4px;overflow:hidden;padding: 0px 0px 0px 0px;\"><div ><span class=\" fusion-imageframe imageframe-none imageframe-1 hover-type-none\"><img width=\"738\" height=\"750\" title=\"F-Guerra\" src=\"https:\/\/biologia.utalca.cl\/icb\/wp-content\/uploads\/2022\/08\/F-Guerra.png\" class=\"img-responsive wp-image-1375\" srcset=\"https:\/\/biologia.utalca.cl\/icb\/wp-content\/uploads\/2022\/08\/F-Guerra-200x203.png 200w, https:\/\/biologia.utalca.cl\/icb\/wp-content\/uploads\/2022\/08\/F-Guerra-400x407.png 400w, https:\/\/biologia.utalca.cl\/icb\/wp-content\/uploads\/2022\/08\/F-Guerra-600x610.png 600w, https:\/\/biologia.utalca.cl\/icb\/wp-content\/uploads\/2022\/08\/F-Guerra.png 738w\" sizes=\"(max-width: 640px) 100vw, 400px\" \/><\/span><\/div><\/div><span class=\"fusion-column-inner-bg hover-type-zoomout\" style=\"overflow:hidden;border-radius:4px 4px 4px 4px;;\"><a class=\"fusion-column-anchor\"><span class=\"fusion-column-inner-bg-image\" style=\"background-position:left top;background-repeat:no-repeat;-webkit-background-size:cover;-moz-background-size:cover;-o-background-size:cover;background-size:cover;border-radius:4px 4px 4px 4px;\"><\/span><\/a><\/span><\/div><style type=\"text\/css\">.fusion-body .fusion-builder-column-0{width:33.333333333333% !important;margin-top : 0px;margin-bottom : 20px;}.fusion-builder-column-0 > .fusion-column-wrapper {padding-top : 0px !important;padding-right : 0px !important;margin-right : 5.76%;padding-bottom : 0px !important;padding-left : 0px !important;margin-left : 5.76%;}.fusion-flex-container .fusion-row .fusion-builder-column-0 > .fusion-column-inner-bg { margin-right:5.76%;margin-left:5.76%; }@media only screen and (max-width:1024px) {.fusion-body .fusion-builder-column-0{width:33.333333333333% !important;order : 0;}.fusion-builder-column-0 > .fusion-column-wrapper {margin-right : 5.76%;margin-left : 5.76%;}.fusion-flex-container .fusion-row .fusion-builder-column-0 > .fusion-column-inner-bg { margin-right:5.76%;margin-left:5.76%; }}@media only screen and (max-width:640px) {.fusion-body .fusion-builder-column-0{width:100% !important;order : 0;}.fusion-builder-column-0 > .fusion-column-wrapper {margin-right : 1.92%;margin-left : 1.92%;}.fusion-flex-container .fusion-row .fusion-builder-column-0 > .fusion-column-inner-bg { margin-right:1.92%;margin-left:1.92%; }}<\/style><div class=\"fusion-layout-column fusion_builder_column fusion-builder-column-1 fusion_builder_column_2_3 2_3 fusion-flex-column fusion-flex-align-self-center\"><div class=\"fusion-column-wrapper fusion-flex-justify-content-flex-start fusion-content-layout-column\" style=\"background-position:left top;background-repeat:no-repeat;-webkit-background-size:cover;-moz-background-size:cover;-o-background-size:cover;background-size:cover;padding: 0px 0px 0px 0px;\"><style type=\"text\/css\">@media only screen and (max-width:1024px) {.fusion-title.fusion-title-1{margin-top:10px!important;margin-bottom:15px!important;}}@media only screen and (max-width:640px) {.fusion-title.fusion-title-1{margin-top:10px!important;margin-bottom:10px!important;}}<\/style><div class=\"fusion-title title fusion-title-1 fusion-sep-none fusion-title-text fusion-title-size-two\" style=\"margin-top:10px;margin-bottom:15px;\"><h2 class=\"title-heading-left\" style=\"margin:0;\">Profesor Asociado<\/h2><\/div><style type=\"text\/css\">@media only screen and (max-width:1024px) {.fusion-title.fusion-title-2{margin-top:-20px!important;margin-bottom:15px!important;}}@media only screen and (max-width:640px) {.fusion-title.fusion-title-2{margin-top:10px!important;margin-bottom:10px!important;}}<\/style><div class=\"fusion-title title fusion-title-2 fusion-sep-none fusion-title-text fusion-title-size-four\" style=\"margin-top:-20px;margin-bottom:15px;\"><h4 class=\"title-heading-left\" style=\"margin:0;color:#607d8b;\">Dr. en Ciencias Menci\u00f3n Ing. Gen\u00e9tica Vegetal, Universidad de Talca.<\/h4><\/div><style type=\"text\/css\">@media only screen and (max-width:1024px) {.fusion-title.fusion-title-3{margin-top:-20px!important;margin-bottom:15px!important;}}@media only screen and (max-width:640px) {.fusion-title.fusion-title-3{margin-top:10px!important;margin-bottom:10px!important;}}<\/style><div class=\"fusion-title title fusion-title-3 fusion-sep-none fusion-title-text fusion-title-size-four\" style=\"margin-top:-20px;margin-bottom:15px;\"><h4 class=\"title-heading-left\" style=\"margin:0;color:#607d8b;\">Ingeniero Forestal.<\/h4><\/div><div ><style type=\"text\/css\">.fusion-button.button-1 .fusion-button-text, .fusion-button.button-1 i {color:#607d8b;}.fusion-button.button-1 .fusion-button-icon-divider{border-color:#607d8b;}.fusion-button.button-1:hover .fusion-button-text, .fusion-button.button-1:hover i,.fusion-button.button-1:focus .fusion-button-text, .fusion-button.button-1:focus i,.fusion-button.button-1:active .fusion-button-text, .fusion-button.button-1:active{color:#ffffff;}.fusion-button.button-1:hover .fusion-button-icon-divider, .fusion-button.button-1:hover .fusion-button-icon-divider, .fusion-button.button-1:active .fusion-button-icon-divider{border-color:#ffffff;}.fusion-button.button-1:hover, .fusion-button.button-1:focus, .fusion-button.button-1:active{border-color:#ffffff;}.fusion-button.button-1 {border-color:#ffffff;border-radius:4px;}.fusion-button.button-1{background: rgba(101,188,123,0);}.fusion-button.button-1:hover,.button-1:focus,.fusion-button.button-1:active{background: #5aa86c;}<\/style><a class=\"fusion-button button-flat button-xlarge button-custom button-1 fusion-button-default-span fusion-button-default-type\" target=\"_self\" href=\"#\" style=\"margin-top:0%;margin-bottom:0%;\"><i class=\"fa-phone-alt fas button-icon-left\" aria-hidden=\"true\"><\/i><span class=\"fusion-button-text\">+56-71-2200281<\/span><\/a><\/div><div ><style type=\"text\/css\">.fusion-button.button-2 .fusion-button-text, .fusion-button.button-2 i {color:#607d8b;}.fusion-button.button-2 .fusion-button-icon-divider{border-color:#607d8b;}.fusion-button.button-2:hover .fusion-button-text, .fusion-button.button-2:hover i,.fusion-button.button-2:focus .fusion-button-text, .fusion-button.button-2:focus i,.fusion-button.button-2:active .fusion-button-text, .fusion-button.button-2:active{color:#ffffff;}.fusion-button.button-2:hover .fusion-button-icon-divider, .fusion-button.button-2:hover .fusion-button-icon-divider, .fusion-button.button-2:active .fusion-button-icon-divider{border-color:#ffffff;}.fusion-button.button-2:hover, .fusion-button.button-2:focus, .fusion-button.button-2:active{border-color:#ffffff;}.fusion-button.button-2 {border-color:#ffffff;border-radius:4px;}.fusion-button.button-2{background: rgba(101,188,123,0);}.fusion-button.button-2:hover,.button-2:focus,.fusion-button.button-2:active{background: #5aa86c;}<\/style><a class=\"fusion-button button-flat button-xlarge button-custom button-2 fusion-button-default-span fusion-button-default-type\" target=\"_blank\" rel=\"noopener noreferrer\" href=\"#\" style=\"margin-top:0%;\"><i class=\"fa-envelope fas button-icon-left\" aria-hidden=\"true\"><\/i><span class=\"fusion-button-text\">fguerra@utalca.cl<\/span><\/a><\/div><div ><style type=\"text\/css\">.fusion-button.button-3 .fusion-button-text, .fusion-button.button-3 i {color:#607d8b;}.fusion-button.button-3 .fusion-button-icon-divider{border-color:#607d8b;}.fusion-button.button-3:hover .fusion-button-text, .fusion-button.button-3:hover i,.fusion-button.button-3:focus .fusion-button-text, .fusion-button.button-3:focus i,.fusion-button.button-3:active .fusion-button-text, .fusion-button.button-3:active{color:#ffffff;}.fusion-button.button-3:hover .fusion-button-icon-divider, .fusion-button.button-3:hover .fusion-button-icon-divider, .fusion-button.button-3:active .fusion-button-icon-divider{border-color:#ffffff;}.fusion-button.button-3:hover, .fusion-button.button-3:focus, .fusion-button.button-3:active{border-color:#ffffff;}.fusion-button.button-3 {border-color:#ffffff;border-radius:4px;}.fusion-button.button-3{background: rgba(101,188,123,0);}.fusion-button.button-3:hover,.button-3:focus,.fusion-button.button-3:active{background: #5aa86c;}<\/style><a class=\"fusion-button button-flat button-xlarge button-custom button-3 fusion-button-default-span fusion-button-default-type\" target=\"_blank\" rel=\"noopener noreferrer\" href=\"https:\/\/www.researchgate.net\/profile\/Fernando_Guerra10\" style=\"margin-top:0%;\"><i class=\"fa-external-link-alt fas button-icon-left\" aria-hidden=\"true\"><\/i><span class=\"fusion-button-text\">Researchgate<\/span><\/a><\/div><\/div><\/div><style type=\"text\/css\">.fusion-body .fusion-builder-column-1{width:66.666666666667% !important;margin-top : 0px;margin-bottom : 20px;}.fusion-builder-column-1 > .fusion-column-wrapper {padding-top : 0px !important;padding-right : 0px !important;margin-right : 2.88%;padding-bottom : 0px !important;padding-left : 0px !important;margin-left : 2.88%;}@media only screen and (max-width:1024px) {.fusion-body .fusion-builder-column-1{width:66.666666666667% !important;order : 0;}.fusion-builder-column-1 > .fusion-column-wrapper {margin-right : 2.88%;margin-left : 2.88%;}}@media only screen and (max-width:640px) {.fusion-body .fusion-builder-column-1{width:100% !important;order : 0;}.fusion-builder-column-1 > .fusion-column-wrapper {margin-right : 1.92%;margin-left : 1.92%;}}<\/style><\/div><style type=\"text\/css\">.fusion-body .fusion-flex-container.fusion-builder-row-1{ padding-top : 0px;margin-top : 0px;padding-right : 0px;padding-bottom : 0px;margin-bottom : 0px;padding-left : 0px;}<\/style><\/div><div class=\"fusion-fullwidth fullwidth-box fusion-builder-row-2 fusion-flex-container nonhundred-percent-fullwidth non-hundred-percent-height-scrolling\" style=\"background-color: rgba(255,255,255,0);background-position: center center;background-repeat: no-repeat;border-width: 0px 0px 0px 0px;border-color:#e2e2e2;border-style:solid;\" ><div class=\"fusion-builder-row fusion-row fusion-flex-align-items-flex-start\" style=\"max-width:1248px;margin-left: calc(-4% \/ 2 );margin-right: calc(-4% \/ 2 );\"><div class=\"fusion-layout-column fusion_builder_column fusion-builder-column-2 fusion_builder_column_1_1 1_1 fusion-flex-column\"><div class=\"fusion-column-wrapper fusion-flex-justify-content-flex-start fusion-content-layout-column\" style=\"background-position:left top;background-repeat:no-repeat;-webkit-background-size:cover;-moz-background-size:cover;-o-background-size:cover;background-size:cover;padding: 0px 0px 0px 0px;\"><style type=\"text\/css\">@media only screen and (max-width:1024px) {.fusion-title.fusion-title-4{margin-top:10px!important;margin-bottom:15px!important;}}@media only screen and (max-width:640px) {.fusion-title.fusion-title-4{margin-top:10px!important;margin-bottom:10px!important;}}<\/style><div class=\"fusion-title title fusion-title-4 fusion-sep-none fusion-title-text fusion-title-size-four\" style=\"margin-top:10px;margin-bottom:15px;\"><h4 class=\"title-heading-left\" style=\"margin:0;\">L\u00edneas de Investigaci\u00f3n<\/h4><\/div><div class=\"fusion-text fusion-text-1\" style=\"transform:translate3d(0,0,0);\"><p>Estudio de los mecanismos gen\u00e9tico-moleculares asociados a la respuesta defensiva de las plantas frente a condiciones de estr\u00e9s por metales pesados.<\/p>\n<p>Desarrollo de sistemas de selecci\u00f3n basados en gen\u00f3mica para la producci\u00f3n de biomasa lignocelul\u00f3sica (de \u00e1lamos) para la generaci\u00f3n de bioetanol.<\/p>\n<p>Desarrollo de sistemas de fitorremediaci\u00f3n utilizando especies forestales.<\/p>\n<\/div><\/div><\/div><style type=\"text\/css\">.fusion-body .fusion-builder-column-2{width:100% !important;margin-top : 0px;margin-bottom : 20px;}.fusion-builder-column-2 > .fusion-column-wrapper {padding-top : 0px !important;padding-right : 0px !important;margin-right : 1.92%;padding-bottom : 0px !important;padding-left : 0px !important;margin-left : 1.92%;}@media only screen and (max-width:1024px) {.fusion-body .fusion-builder-column-2{width:100% !important;order : 0;}.fusion-builder-column-2 > .fusion-column-wrapper {margin-right : 1.92%;margin-left : 1.92%;}}@media only screen and (max-width:640px) {.fusion-body .fusion-builder-column-2{width:100% !important;order : 0;}.fusion-builder-column-2 > .fusion-column-wrapper {margin-right : 1.92%;margin-left : 1.92%;}}<\/style><\/div><style type=\"text\/css\">.fusion-body .fusion-flex-container.fusion-builder-row-2{ padding-top : 0px;margin-top : 0px;padding-right : 0px;padding-bottom : 0px;margin-bottom : 0px;padding-left : 0px;}<\/style><\/div><div class=\"fusion-fullwidth fullwidth-box fusion-builder-row-3 fusion-flex-container nonhundred-percent-fullwidth non-hundred-percent-height-scrolling\" style=\"background-color: rgba(255,255,255,0);background-position: center center;background-repeat: no-repeat;border-width: 0px 0px 0px 0px;border-color:#e2e2e2;border-style:solid;\" ><div class=\"fusion-builder-row fusion-row fusion-flex-align-items-flex-start\" style=\"max-width:1248px;margin-left: calc(-4% \/ 2 );margin-right: calc(-4% \/ 2 );\"><div class=\"fusion-layout-column fusion_builder_column fusion-builder-column-3 fusion_builder_column_1_1 1_1 fusion-flex-column\"><div class=\"fusion-column-wrapper fusion-flex-justify-content-flex-start fusion-content-layout-column\" style=\"background-position:left top;background-repeat:no-repeat;-webkit-background-size:cover;-moz-background-size:cover;-o-background-size:cover;background-size:cover;padding: 0px 0px 0px 0px;\"><style type=\"text\/css\">.fusion-accordian  #accordion-531-1 .panel-title a .fa-fusion-box{ color: #ffffff;}.fusion-accordian  #accordion-531-1 .panel-title a .fa-fusion-box:before{ font-size: 16px; width: 16px;}.fusion-accordian  #accordion-531-1 .panel-title a{font-size:30px;}.fusion-accordian  #accordion-531-1 .fa-fusion-box { background-color: #212934;border-color: #212934;}.fusion-accordian  #accordion-531-1 .panel-title a:hover, #accordion-531-1 .fusion-toggle-boxed-mode:hover .panel-title a { color: #65bc7b;}.fusion-accordian  #accordion-531-1 .panel-title .active .fa-fusion-box,.fusion-accordian  #accordion-531-1 .panel-title a:hover .fa-fusion-box { background-color: #65bc7b!important;border-color: #65bc7b!important;}<\/style><div class=\"accordian fusion-accordian\"><div class=\"panel-group\" id=\"accordion-531-1\" role=\"tablist\"><div class=\"fusion-panel panel-default\" role=\"tabpanel\"><div class=\"panel-heading\"><h4 class=\"panel-title toggle\"><a aria-expanded=\"false\" aria-selected=\"false\" aria-controls=\"02da92712d12bbaf8\" role=\"tab\" data-toggle=\"collapse\" data-parent=\"#accordion-531-1\" data-target=\"#02da92712d12bbaf8\" href=\"#02da92712d12bbaf8\"><span class=\"fusion-toggle-icon-wrapper\" aria-hidden=\"true\"><i class=\"fa-fusion-box\" aria-hidden=\"true\"><\/i><\/span><span class=\"fusion-toggle-heading\">Publicaciones<\/span><\/a><\/h4><\/div><div id=\"02da92712d12bbaf8\" class=\"panel-collapse collapse \"><div class=\"panel-body toggle-content fusion-clearfix\">\n<p>Guerra, F; Sepulveda, S., 2021. Saponin production from Quillaja genus species. An insight into its applications and biology. Scientia Agricola. doi: 10.1590\/1678-992X-2019-0305<\/p>\n<p>Guerra, FP; Yanez, A; Matus, I; del Pozo, A., 2021. Genome-Wide Association of Stem Carbohydrate Accumulation and Remobilization during Grain Growth in Bread Wheat (Triticum aestivum L.) in Mediterranean Environments. Plants-Basel. doi: 10.3390\/plants10030539<\/p>\n<p>Guerra, Fernando; Sep\u00falveda, Sebasti\u00e1n., 2021. Saponin production from Quillaja genus species. An insight into its applications and biology. doi: 10.1590\/1678-992x-2019-0305<\/p>\n<p>Guerra, F.P., G\u00f3mez, P., Guti\u00e9rrez, A., Hahn, S., 2018.\u00a0Genetic diversity of Adesmia bijuga Phil., an endangered Fabaceae species from Central Chile.\u00a0 Bras. Bot. 41, 247\u2013251. doi:10.1007\/s40415-018-0440-5<\/p>\n<p>Y\u00e1\u00f1ez, M.A., Fox, T.R., Seiler, J.R., Guerra, F., Baettig, R.M., Zamudio, F., Gyenge, J.E., (2017). Within-crown acclimation of leaf-level physiological and morphological parameters in young loblolly pine stands. Trees \u2013 Struct. Funct. 31, 1849\u20131857. doi:10.1007\/s00468-017-1589-4<\/p>\n<p>Y\u00e1\u00f1ez, A., Tapia, G., Guerra, F., Del Pozo, A., (2017). Stem carbohydrate dynamics and expression of genes involved in fructan accumulation and remobilization during grain growth in wheat (Triticum aestivum L.) genotypes with contrasting tolerance to water stress. PLoS One 12. doi:10.1371\/journal.pone.0177667<\/p>\n<p>Cornejo, J., Tapia, J., Guerra, F., Y\u00e1\u00f1ez, M., Baettig, R., Guajardo, J., Alarc\u00f3n, E., Vidal, G., (2017). Variation in Copper Accumulation at the Tissue Level of Five Hybrid Poplars Subjected to Copper Stress. Water. Air. Soil Pollut. 228. doi:10.1007\/s11270-017-3384-7<\/p>\n<p>Guerra, F.P., Richards, J.H., Fiehn, O., Famula, R., Stanton, B.J., Shuren, R., Sykes, R., Davis, M.F., Neale, D.B., (2016). Analysis of the genetic variation in growth, ecophysiology, and chemical and metabolomic composition of wood of Populus trichocarpa provenances. TREE Genet. GENOMES 12. doi:10.1007\/s11295-015-0965-8<\/p>\n<p>Guerra F., Richards J., Fiehn O., Famula R., Stanton B., Shuren R., Sykes R., Davis M., Neale D. (2015) Dissecting the growth performance of Populus trichocarpa provenances from the US Pacific Northwest. Analysis of genetic variation in growth, ecophysiology, and chemical and metabolomic composition of wood. Tree Genetics and Genomes (en revisi\u00f3n).<\/p>\n<p>Guerra F., Reyes L., Vergara-Jaque A., Campos-Hern\u00e1ndez C., Guti\u00e9rrez A., P\u00e9rez-D\u00edaz J., P\u00e9rez-D\u00edaz R., Blaudez D., Ruiz-Lara S. (2015) Populus deltoides Kunitz trypsin inhibitor 3 confers metal tolerance and binds copper, revealing a new defensive role against heavy metal stress. Environmental and Experimental Botany 115: 28-37.<\/p>\n<p>Espinoza, S., Mart\u00ednez, V., Magni, C., Ivkovi\u0107, M., Santelices, R., Guerra, F., Cabrera, A. (2014) Genetic control of growth, biomass allocation and survival under drought stress in Pinus radiata D. Don seedlings. Tree genetics and Genomes 10 (4): 1045-1054.<\/p>\n<p>Guerra F., Wegrzyn, J., Eckert, A., Sykes, R., Davis, M., Stanton, B., Neale, D. (2013) Association genetics of wood chemical properties in black poplar (Populus nigra L.). New Phytologist 197(1): 162-176.<\/p>\n<\/div><\/div><\/div><div class=\"fusion-panel panel-default\" role=\"tabpanel\"><div class=\"panel-heading\"><h4 class=\"panel-title toggle\"><a aria-expanded=\"false\" aria-selected=\"false\" aria-controls=\"fbf2f55a03ed5aa01\" role=\"tab\" data-toggle=\"collapse\" data-parent=\"#accordion-531-1\" data-target=\"#fbf2f55a03ed5aa01\" href=\"#fbf2f55a03ed5aa01\"><span class=\"fusion-toggle-icon-wrapper\" aria-hidden=\"true\"><i class=\"fa-fusion-box\" aria-hidden=\"true\"><\/i><\/span><span class=\"fusion-toggle-heading\">Proyectos<\/span><\/a><\/h4><\/div><div id=\"fbf2f55a03ed5aa01\" class=\"panel-collapse collapse \"><div class=\"panel-body toggle-content fusion-clearfix\">\n<div class=\"cont_izq small-12 medium-9 left\">\n<div class=\"cont_izq small-12 medium-9 left\">\n<div class=\"cont_izq small-12 medium-9 left\">\n<div class=\"cont_izq small-12 medium-9 left\">\n<p>2021 Fondecyt Regular. ANALYSIS OF BUD PHENOLOGY AND OCCURRENCE OF SEMI-EVERGREEN POPULUS NIGRA TREES IN CHILE. A GENETIC AND ECOPHYSIOLOGICAL APPROACH TO UNDERSTAND PHENOTYPIC PLASTICITY UNDER CLIMATE CHANGE.<\/p>\n<p>2017. Maximizaci\u00f3n de producci\u00f3n de saponinas y otros metabolitos de inter\u00e9s para la industria qu\u00edmica. Fondo. FIC-R, Gobierno Regional del Maule.<\/p>\n<p>2015-2018. Physiological and molecular mechanism underling yield potential and acclimation to water stress in wheat: development of new tools for selection criteria. Programa FONDECYT Regular. Coinvestigador<\/p>\n<p>2015-2018. Reproductive development in grapevine. Regulation of pollen formation and its effect on the production of parthenocarpic fruits. Programa FONDECYT Regular. Coinvestigador.<\/p>\n<p>2014-2016. Desarrollo de un sistema de selecci\u00f3n gen\u00f3mica en h\u00edbridos de \u00e1lamo. Una prueba de concepto para programas de mejoramiento gen\u00e9tico en chile. Programa FONDEF IDeA dos etapas. Investigador Principal.<\/p>\n<p>2014-2016. Evaluaci\u00f3n de la diversidad gen\u00e9tica de Adesmia bijuga Phil., una especie end\u00e9mica del Maule en peligro de extinci\u00f3n. Proyectos Direcci\u00f3n de Investigaci\u00f3n Universidad de Talca. Investigador Responsable.<\/p>\n<p>2014-2016. Fortalecimiento de la competitividad de la PYME maderera regional mediante un modelo asociativo para el escalamiento de plantaciones con nuevas variedades de \u00e1lamos. Programa FIC Regional \u2013 Maule. Investigador.<\/p>\n<p>2011-2014. FONDECYT de Iniciaci\u00f3n. Evaluating the role of novel genes involved in copper tolerance in forest trees: a structural and functional analysis of PdKTI3, a member of the Kunitz Trypsin Inhibitor gene family in poplar. Investigador Responsable.<\/p>\n<p>2011-2015. System for advanced biofuels production from woody biomass in the Pacific Northwest. USDA-NIFA-AFRI Sustainable Bioenergy Program, Area 1. USA. Postdoctoral Scholar\/Visitant Investigator.<\/p>\n<p>2010-2011. Developing a Molecular-Assisted Hybridization Strategy for the Improvement of the Quality of Poplar Biomass for the United States Bio-fuels Industry. USDA-NIFA-Small Business Innovation Research Program. USA. Postdoctoral Scholar.<\/p>\n<p>2010-2013. Desarrollo de eco-tecnolog\u00edas para la depuraci\u00f3n de efluentes de plantas de tratamientos de l\u00edquidos lixiviados. Proyecto Consorcio Santa Marta \u2013 Universidad de Talca. Investigador Principal.<\/p>\n<\/div>\n<\/div>\n<\/div>\n<\/div>\n<\/div><\/div><\/div><\/div><\/div><\/div><\/div><style type=\"text\/css\">.fusion-body .fusion-builder-column-3{width:100% !important;margin-top : 0px;margin-bottom : 20px;}.fusion-builder-column-3 > .fusion-column-wrapper {padding-top : 0px !important;padding-right : 0px !important;margin-right : 1.92%;padding-bottom : 0px !important;padding-left : 0px !important;margin-left : 1.92%;}@media only screen and (max-width:1024px) {.fusion-body .fusion-builder-column-3{width:100% !important;order : 0;}.fusion-builder-column-3 > .fusion-column-wrapper {margin-right : 1.92%;margin-left : 1.92%;}}@media only screen and (max-width:640px) {.fusion-body .fusion-builder-column-3{width:100% !important;order : 0;}.fusion-builder-column-3 > .fusion-column-wrapper {margin-right : 1.92%;margin-left : 1.92%;}}<\/style><\/div><style type=\"text\/css\">.fusion-body .fusion-flex-container.fusion-builder-row-3{ padding-top : 0px;margin-top : 0px;padding-right : 0px;padding-bottom : 0px;margin-bottom : 0px;padding-left : 0px;}<\/style><\/div><\/p>\n","protected":false},"excerpt":{"rendered":"","protected":false},"author":1,"featured_media":0,"parent":217,"menu_order":0,"comment_status":"closed","ping_status":"closed","template":"","meta":[],"_links":{"self":[{"href":"https:\/\/biologia.utalca.cl\/icb\/index.php?rest_route=\/wp\/v2\/pages\/531"}],"collection":[{"href":"https:\/\/biologia.utalca.cl\/icb\/index.php?rest_route=\/wp\/v2\/pages"}],"about":[{"href":"https:\/\/biologia.utalca.cl\/icb\/index.php?rest_route=\/wp\/v2\/types\/page"}],"author":[{"embeddable":true,"href":"https:\/\/biologia.utalca.cl\/icb\/index.php?rest_route=\/wp\/v2\/users\/1"}],"replies":[{"embeddable":true,"href":"https:\/\/biologia.utalca.cl\/icb\/index.php?rest_route=%2Fwp%2Fv2%2Fcomments&post=531"}],"version-history":[{"count":7,"href":"https:\/\/biologia.utalca.cl\/icb\/index.php?rest_route=\/wp\/v2\/pages\/531\/revisions"}],"predecessor-version":[{"id":2696,"href":"https:\/\/biologia.utalca.cl\/icb\/index.php?rest_route=\/wp\/v2\/pages\/531\/revisions\/2696"}],"up":[{"embeddable":true,"href":"https:\/\/biologia.utalca.cl\/icb\/index.php?rest_route=\/wp\/v2\/pages\/217"}],"wp:attachment":[{"href":"https:\/\/biologia.utalca.cl\/icb\/index.php?rest_route=%2Fwp%2Fv2%2Fmedia&parent=531"}],"curies":[{"name":"wp","href":"https:\/\/api.w.org\/{rel}","templated":true}]}}