{"id":540,"date":"2021-07-30T13:23:54","date_gmt":"2021-07-30T16:23:54","guid":{"rendered":"http:\/\/biologia.utalca.cl\/icb\/?page_id=540"},"modified":"2024-09-23T15:16:56","modified_gmt":"2024-09-23T18:16:56","slug":"dra-alejandra-moya","status":"publish","type":"page","link":"https:\/\/biologia.utalca.cl\/icb\/?page_id=540","title":{"rendered":"DRA. ALEJANDRA MOYA"},"content":{"rendered":"<p><div class=\"fusion-fullwidth fullwidth-box fusion-builder-row-1 fusion-flex-container nonhundred-percent-fullwidth non-hundred-percent-height-scrolling\" style=\"background-color: rgba(255,255,255,0);background-position: center center;background-repeat: no-repeat;border-width: 0px 0px 0px 0px;border-color:#e2e2e2;border-style:solid;\" ><div class=\"fusion-builder-row fusion-row fusion-flex-align-items-flex-start\" style=\"max-width:1248px;margin-left: calc(-4% \/ 2 );margin-right: calc(-4% \/ 2 );\"><div class=\"fusion-layout-column fusion_builder_column fusion-builder-column-0 fusion_builder_column_1_3 1_3 fusion-flex-column fusion-column-inner-bg-wrapper\"><div class=\"fusion-column-wrapper fusion-flex-justify-content-flex-start fusion-content-layout-column\" style=\"border-radius:4px 4px 4px 4px;overflow:hidden;padding: 0px 0px 0px 0px;\"><div ><span class=\" fusion-imageframe imageframe-none imageframe-1 hover-type-none\"><img width=\"738\" height=\"750\" title=\"A-Moya-carnet\" src=\"https:\/\/biologia.utalca.cl\/icb\/wp-content\/uploads\/2022\/08\/A-Moya-carnet.png\" class=\"img-responsive wp-image-1403\" srcset=\"https:\/\/biologia.utalca.cl\/icb\/wp-content\/uploads\/2022\/08\/A-Moya-carnet-200x203.png 200w, https:\/\/biologia.utalca.cl\/icb\/wp-content\/uploads\/2022\/08\/A-Moya-carnet-400x407.png 400w, https:\/\/biologia.utalca.cl\/icb\/wp-content\/uploads\/2022\/08\/A-Moya-carnet-600x610.png 600w, https:\/\/biologia.utalca.cl\/icb\/wp-content\/uploads\/2022\/08\/A-Moya-carnet.png 738w\" sizes=\"(max-width: 640px) 100vw, 400px\" \/><\/span><\/div><\/div><span class=\"fusion-column-inner-bg hover-type-zoomout\" style=\"overflow:hidden;border-radius:4px 4px 4px 4px;;\"><a class=\"fusion-column-anchor\"><span class=\"fusion-column-inner-bg-image\" style=\"background-position:center center;background-repeat:no-repeat;-webkit-background-size:cover;-moz-background-size:cover;-o-background-size:cover;background-size:cover;border-radius:4px 4px 4px 4px;\"><\/span><\/a><\/span><\/div><style type=\"text\/css\">.fusion-body .fusion-builder-column-0{width:33.333333333333% !important;margin-top : 0px;margin-bottom : 20px;}.fusion-builder-column-0 > .fusion-column-wrapper {padding-top : 0px !important;padding-right : 0px !important;margin-right : 5.76%;padding-bottom : 0px !important;padding-left : 0px !important;margin-left : 5.76%;}.fusion-flex-container .fusion-row .fusion-builder-column-0 > .fusion-column-inner-bg { margin-right:5.76%;margin-left:5.76%; }@media only screen and (max-width:1024px) {.fusion-body .fusion-builder-column-0{width:33.333333333333% !important;order : 0;}.fusion-builder-column-0 > .fusion-column-wrapper {margin-right : 5.76%;margin-left : 5.76%;}.fusion-flex-container .fusion-row .fusion-builder-column-0 > .fusion-column-inner-bg { margin-right:5.76%;margin-left:5.76%; }}@media only screen and (max-width:640px) {.fusion-body .fusion-builder-column-0{width:100% !important;order : 0;}.fusion-builder-column-0 > .fusion-column-wrapper {margin-right : 1.92%;margin-left : 1.92%;}.fusion-flex-container .fusion-row .fusion-builder-column-0 > .fusion-column-inner-bg { margin-right:1.92%;margin-left:1.92%; }}<\/style><div class=\"fusion-layout-column fusion_builder_column fusion-builder-column-1 fusion_builder_column_2_3 2_3 fusion-flex-column fusion-flex-align-self-center\"><div class=\"fusion-column-wrapper fusion-flex-justify-content-flex-start fusion-content-layout-column\" style=\"background-position:left top;background-repeat:no-repeat;-webkit-background-size:cover;-moz-background-size:cover;-o-background-size:cover;background-size:cover;padding: 0px 0px 0px 0px;\"><style type=\"text\/css\">@media only screen and (max-width:1024px) {.fusion-title.fusion-title-1{margin-top:10px!important;margin-bottom:15px!important;}}@media only screen and (max-width:640px) {.fusion-title.fusion-title-1{margin-top:10px!important;margin-bottom:10px!important;}}<\/style><div class=\"fusion-title title fusion-title-1 fusion-sep-none fusion-title-text fusion-title-size-two\" style=\"margin-top:10px;margin-bottom:15px;\"><h2 class=\"title-heading-left\" style=\"margin:0;\"><b>Profesor Titular<\/b><\/h2><\/div><style type=\"text\/css\">@media only screen and (max-width:1024px) {.fusion-title.fusion-title-2{margin-top:-20px!important;margin-bottom:15px!important;}}@media only screen and (max-width:640px) {.fusion-title.fusion-title-2{margin-top:10px!important;margin-bottom:10px!important;}}<\/style><div class=\"fusion-title title fusion-title-2 fusion-sep-none fusion-title-text fusion-title-size-four\" style=\"margin-top:-20px;margin-bottom:15px;\"><h4 class=\"title-heading-left\" style=\"margin:0;color:#607d8b;\">Dr. en Ciencias Vegetales, The University of Reading, Inglaterra.<\/h4><\/div><style type=\"text\/css\">@media only screen and (max-width:1024px) {.fusion-title.fusion-title-3{margin-top:-20px!important;margin-bottom:15px!important;}}@media only screen and (max-width:640px) {.fusion-title.fusion-title-3{margin-top:10px!important;margin-bottom:10px!important;}}<\/style><div class=\"fusion-title title fusion-title-3 fusion-sep-none fusion-title-text fusion-title-size-four\" style=\"margin-top:-20px;margin-bottom:15px;\"><h4 class=\"title-heading-left\" style=\"margin:0;color:#607d8b;\">Bioqu\u00edmica, Pontificia Universidad Cat\u00f3lica de Chile.<\/h4><\/div><div ><style type=\"text\/css\">.fusion-button.button-1 .fusion-button-text, .fusion-button.button-1 i {color:#607d8b;}.fusion-button.button-1 .fusion-button-icon-divider{border-color:#607d8b;}.fusion-button.button-1:hover .fusion-button-text, .fusion-button.button-1:hover i,.fusion-button.button-1:focus .fusion-button-text, .fusion-button.button-1:focus i,.fusion-button.button-1:active .fusion-button-text, .fusion-button.button-1:active{color:#ffffff;}.fusion-button.button-1:hover .fusion-button-icon-divider, .fusion-button.button-1:hover .fusion-button-icon-divider, .fusion-button.button-1:active .fusion-button-icon-divider{border-color:#ffffff;}.fusion-button.button-1:hover, .fusion-button.button-1:focus, .fusion-button.button-1:active{border-color:#ffffff;}.fusion-button.button-1 {border-color:#ffffff;border-radius:4px;}.fusion-button.button-1{background: rgba(101,188,123,0);}.fusion-button.button-1:hover,.button-1:focus,.fusion-button.button-1:active{background: #5aa86c;}<\/style><a class=\"fusion-button button-flat button-xlarge button-custom button-1 fusion-button-default-span fusion-button-default-type\" target=\"_self\" href=\"#\" style=\"margin-top:0%;margin-bottom:0%;\"><i class=\"fa-phone-alt fas button-icon-left\" aria-hidden=\"true\"><\/i><span class=\"fusion-button-text\">+56-71-2200286<\/span><\/a><\/div><div ><style type=\"text\/css\">.fusion-button.button-2 .fusion-button-text, .fusion-button.button-2 i {color:#607d8b;}.fusion-button.button-2 .fusion-button-icon-divider{border-color:#607d8b;}.fusion-button.button-2:hover .fusion-button-text, .fusion-button.button-2:hover i,.fusion-button.button-2:focus .fusion-button-text, .fusion-button.button-2:focus i,.fusion-button.button-2:active .fusion-button-text, .fusion-button.button-2:active{color:#ffffff;}.fusion-button.button-2:hover .fusion-button-icon-divider, .fusion-button.button-2:hover .fusion-button-icon-divider, .fusion-button.button-2:active .fusion-button-icon-divider{border-color:#ffffff;}.fusion-button.button-2:hover, .fusion-button.button-2:focus, .fusion-button.button-2:active{border-color:#ffffff;}.fusion-button.button-2 {border-color:#ffffff;border-radius:4px;}.fusion-button.button-2{background: rgba(101,188,123,0);}.fusion-button.button-2:hover,.button-2:focus,.fusion-button.button-2:active{background: #5aa86c;}<\/style><a class=\"fusion-button button-flat button-xlarge button-custom button-2 fusion-button-default-span fusion-button-default-type\" target=\"_blank\" rel=\"noopener noreferrer\" href=\"#\" style=\"margin-top:0%;\"><i class=\"fa-envelope fas button-icon-left\" aria-hidden=\"true\"><\/i><span class=\"fusion-button-text\">alemoya@utalca.cl<\/span><\/a><\/div><div ><style type=\"text\/css\">.fusion-button.button-3 .fusion-button-text, .fusion-button.button-3 i {color:#607d8b;}.fusion-button.button-3 .fusion-button-icon-divider{border-color:#607d8b;}.fusion-button.button-3:hover .fusion-button-text, .fusion-button.button-3:hover i,.fusion-button.button-3:focus .fusion-button-text, .fusion-button.button-3:focus i,.fusion-button.button-3:active .fusion-button-text, .fusion-button.button-3:active{color:#ffffff;}.fusion-button.button-3:hover .fusion-button-icon-divider, .fusion-button.button-3:hover .fusion-button-icon-divider, .fusion-button.button-3:active .fusion-button-icon-divider{border-color:#ffffff;}.fusion-button.button-3:hover, .fusion-button.button-3:focus, .fusion-button.button-3:active{border-color:#ffffff;}.fusion-button.button-3 {border-color:#ffffff;border-radius:4px;}.fusion-button.button-3{background: rgba(101,188,123,0);}.fusion-button.button-3:hover,.button-3:focus,.fusion-button.button-3:active{background: #5aa86c;}<\/style><a class=\"fusion-button button-flat button-xlarge button-custom button-3 fusion-button-default-span fusion-button-default-type\" target=\"_blank\" rel=\"noopener noreferrer\" href=\"https:\/\/www.researchgate.net\/profile\/Maria_Moya-Leon\" style=\"margin-top:0%;\"><i class=\"fa-external-link-alt fas button-icon-left\" aria-hidden=\"true\"><\/i><span class=\"fusion-button-text\">Researchgate<\/span><\/a><\/div><\/div><\/div><style type=\"text\/css\">.fusion-body .fusion-builder-column-1{width:66.666666666667% !important;margin-top : 0px;margin-bottom : 20px;}.fusion-builder-column-1 > .fusion-column-wrapper {padding-top : 0px !important;padding-right : 0px !important;margin-right : 2.88%;padding-bottom : 0px !important;padding-left : 0px !important;margin-left : 2.88%;}@media only screen and (max-width:1024px) {.fusion-body .fusion-builder-column-1{width:66.666666666667% !important;order : 0;}.fusion-builder-column-1 > .fusion-column-wrapper {margin-right : 2.88%;margin-left : 2.88%;}}@media only screen and (max-width:640px) {.fusion-body .fusion-builder-column-1{width:100% !important;order : 0;}.fusion-builder-column-1 > .fusion-column-wrapper {margin-right : 1.92%;margin-left : 1.92%;}}<\/style><\/div><style type=\"text\/css\">.fusion-body .fusion-flex-container.fusion-builder-row-1{ padding-top : 0px;margin-top : 0px;padding-right : 0px;padding-bottom : 0px;margin-bottom : 0px;padding-left : 0px;}<\/style><\/div><div class=\"fusion-fullwidth fullwidth-box fusion-builder-row-2 fusion-flex-container nonhundred-percent-fullwidth non-hundred-percent-height-scrolling\" style=\"background-color: rgba(255,255,255,0);background-position: center center;background-repeat: no-repeat;border-width: 0px 0px 0px 0px;border-color:#e2e2e2;border-style:solid;\" ><div class=\"fusion-builder-row fusion-row fusion-flex-align-items-flex-start\" style=\"max-width:1248px;margin-left: calc(-4% \/ 2 );margin-right: calc(-4% \/ 2 );\"><div class=\"fusion-layout-column fusion_builder_column fusion-builder-column-2 fusion_builder_column_1_1 1_1 fusion-flex-column\"><div class=\"fusion-column-wrapper fusion-flex-justify-content-flex-start fusion-content-layout-column\" style=\"background-position:left top;background-repeat:no-repeat;-webkit-background-size:cover;-moz-background-size:cover;-o-background-size:cover;background-size:cover;padding: 0px 0px 0px 0px;\"><style type=\"text\/css\">@media only screen and (max-width:1024px) {.fusion-title.fusion-title-4{margin-top:10px!important;margin-bottom:15px!important;}}@media only screen and (max-width:640px) {.fusion-title.fusion-title-4{margin-top:10px!important;margin-bottom:10px!important;}}<\/style><div class=\"fusion-title title fusion-title-4 fusion-sep-none fusion-title-text fusion-title-size-four\" style=\"margin-top:10px;margin-bottom:15px;\"><h4 class=\"title-heading-left\" style=\"margin:0;\">L\u00edneas de Investigaci\u00f3n<\/h4><\/div><div class=\"fusion-text fusion-text-1\" style=\"transform:translate3d(0,0,0);\"><p>Fisiolog\u00eda de maduraci\u00f3n de frutos: regulaci\u00f3n hormonal, ablandamiento y producci\u00f3n de compuestos que proporcionan aroma. Durante la maduraci\u00f3n los frutos experimentan una serie de cambios que favorecen el desarrollo de caracter\u00edsticas de calidad, como el color (s\u00edntesis de antocianinas), ablandamiento de la pulpa (des-ensamblaje de la estructura de la pared vegetal), y producci\u00f3n de compuestos vol\u00e1tiles que proporcionan aroma (esteres). En frutos climat\u00e9ricos, como la papaya chilena, gran parte de estos cambios son estimulados y controlados por la hormona etileno.<\/p>\n<p>En el caso de frutos no-climat\u00e9ricos, como la frutilla chilena (F. chiloensis), se desconoce que hormonas inducen o regulan la maduraci\u00f3n. Estamos trabajando con modelos de fruta nativa, tanto climat\u00e9ricos como no-climat\u00e9ricos , y averiguando cual es el efecto de diversas hormonas sobre la regulaci\u00f3n transcripcional de genes involucrados en el desarrollo de aspectos de calidad. Estamos tambi\u00e9n evaluando el rol de algunos factores de transcripci\u00f3n que estar\u00edan actuando como \u201cmaster\u201d reguladores de la maduraci\u00f3n de la fruta.<\/p>\n<\/div><\/div><\/div><style type=\"text\/css\">.fusion-body .fusion-builder-column-2{width:100% !important;margin-top : 0px;margin-bottom : 20px;}.fusion-builder-column-2 > .fusion-column-wrapper {padding-top : 0px !important;padding-right : 0px !important;margin-right : 1.92%;padding-bottom : 0px !important;padding-left : 0px !important;margin-left : 1.92%;}@media only screen and (max-width:1024px) {.fusion-body .fusion-builder-column-2{width:100% !important;order : 0;}.fusion-builder-column-2 > .fusion-column-wrapper {margin-right : 1.92%;margin-left : 1.92%;}}@media only screen and (max-width:640px) {.fusion-body .fusion-builder-column-2{width:100% !important;order : 0;}.fusion-builder-column-2 > .fusion-column-wrapper {margin-right : 1.92%;margin-left : 1.92%;}}<\/style><\/div><style type=\"text\/css\">.fusion-body .fusion-flex-container.fusion-builder-row-2{ padding-top : 0px;margin-top : 0px;padding-right : 0px;padding-bottom : 0px;margin-bottom : 0px;padding-left : 0px;}<\/style><\/div><div class=\"fusion-fullwidth fullwidth-box fusion-builder-row-3 fusion-flex-container nonhundred-percent-fullwidth non-hundred-percent-height-scrolling\" style=\"background-color: rgba(255,255,255,0);background-position: center center;background-repeat: no-repeat;border-width: 0px 0px 0px 0px;border-color:#e2e2e2;border-style:solid;\" ><div class=\"fusion-builder-row fusion-row fusion-flex-align-items-flex-start\" style=\"max-width:1248px;margin-left: calc(-4% \/ 2 );margin-right: calc(-4% \/ 2 );\"><div class=\"fusion-layout-column fusion_builder_column fusion-builder-column-3 fusion_builder_column_1_1 1_1 fusion-flex-column\"><div class=\"fusion-column-wrapper fusion-flex-justify-content-flex-start fusion-content-layout-column\" style=\"background-position:left top;background-repeat:no-repeat;-webkit-background-size:cover;-moz-background-size:cover;-o-background-size:cover;background-size:cover;padding: 0px 0px 0px 0px;\"><style type=\"text\/css\">.fusion-accordian  #accordion-540-1 .panel-title a .fa-fusion-box{ color: #ffffff;}.fusion-accordian  #accordion-540-1 .panel-title a .fa-fusion-box:before{ font-size: 16px; width: 16px;}.fusion-accordian  #accordion-540-1 .panel-title a{font-size:30px;}.fusion-accordian  #accordion-540-1 .fa-fusion-box { background-color: #212934;border-color: #212934;}.fusion-accordian  #accordion-540-1 .panel-title a:hover, #accordion-540-1 .fusion-toggle-boxed-mode:hover .panel-title a { color: #65bc7b;}.fusion-accordian  #accordion-540-1 .panel-title .active .fa-fusion-box,.fusion-accordian  #accordion-540-1 .panel-title a:hover .fa-fusion-box { background-color: #65bc7b!important;border-color: #65bc7b!important;}<\/style><div class=\"accordian fusion-accordian\"><div class=\"panel-group\" id=\"accordion-540-1\" role=\"tablist\"><div class=\"fusion-panel panel-default\" role=\"tabpanel\"><div class=\"panel-heading\"><h4 class=\"panel-title toggle\"><a aria-expanded=\"false\" aria-selected=\"false\" aria-controls=\"d14abb7880dba0929\" role=\"tab\" data-toggle=\"collapse\" data-parent=\"#accordion-540-1\" data-target=\"#d14abb7880dba0929\" href=\"#d14abb7880dba0929\"><span class=\"fusion-toggle-icon-wrapper\" aria-hidden=\"true\"><i class=\"fa-fusion-box\" aria-hidden=\"true\"><\/i><\/span><span class=\"fusion-toggle-heading\">Publicaciones<\/span><\/a><\/h4><\/div><div id=\"d14abb7880dba0929\" class=\"panel-collapse collapse \"><div class=\"panel-body toggle-content fusion-clearfix\">\n<p>Molinett, SA; Alfaro, JF; Saez, FA; Elgueta, S; Moya-Leon, MA; Figueroa, CR., 2021. Postharvest Treatment of Hydrogen Sulfide Delays the Softening of Chilean Strawberry Fruit by Downregulating the Expression of Key Genes Involved in Pectin Catabolism. International Journal Of Molecular Sciences. doi: 10.3390\/ijms221810008<\/p>\n<p>Carrasco-Orellana, C., Stappung, Y., Mendez-Ya\u00f1ez, A., Allan, A.C, Espley, R.V., Plunkett, B.J., Moya-Leon, M.A., Herrera, R. 2018. Characterization of a ripening-related transcription factor FcNAC1 from Fragaria chiloensis fruit. Scientific Report. 10.1038\/s41598-018-28226-y<\/p>\n<p>Parra-Palma, C., Fuentes, E., Palomo, I., Torres, C., Moya-Le\u00f3n, M.A., Ramos, P. 2018. Linking the platelet antiaggregation effect of different strawberries species with antioxidants: Metabolomic and transcript profiling of polyphenols. Bolet\u00edn Latinoamericano y del Caribe de Plantas Medicinales y Arom\u00e1ticas 17 (1): 36 \u2013 52<\/p>\n<p>Morales-Quintana, L., Faundez, C., Herrera, R., Zavaleta, V., Ravanal, M.C., Eyzaguirre, J., Moya-Leon, M.A. (2017) Biochemical and structural characterization of Penicillium purpurogenum alpha-D galactosidase: Binding of galactose to an alternative pocket may explain enzyme inhibition. Carbohydrate Research 448, 57-66<\/p>\n<p>M\u00e9ndez-Ya\u00f1ez, \u00c1., Beltr\u00e1n, D., Campano-Romero, C., Molinett, S., Herrera, R., Moya-Le\u00f3n, M.A., Morales-Quintana, L., 2017. Glycosylation is important for FcXTH1 activity as judged by its structural and biochemical characterization. Plant Physiol. Biochem. 119: 200\u2013210.<\/p>\n<p>Opazo, M.C., Lizana, R., Stappung, Y., Davis, T.M., Herrera, R., Moya-Le\u00f3n, M.A. 2017.\u00a0XTHs from Fragaria vesca: Genomic structure and transcriptomic analysis in ripening fruit and other tissues. BMC Genomics 18. doi:10.1186\/s12864-017-4255-8<\/p>\n<p>Espinoza, A., Contreras, R., Zuniga, G., Herrera, R., Moya-Leon, M.A., Norambuena, L., Handford. M. 2016. FcLDP1, a Gene Encoding a Late Embryogenesis Abundant (LEA) Domain Protein, Responds to Brassinosteroids and Abscisic Acid during the Development of Fruits in Fragaria chiloensis. Frontiers in Plant Science.<\/p>\n<p>Ramos P, Guajardo J, Moya-Le\u00f3n MA, Herrera R. 2016.\u00a0<span lang=\"EN-US\">A differential distribution of auxin and flavonols in radiata pine stem seedlings exposed to inclination.\u00a0<\/span><span lang=\"EN-US\">Tree Genetics and Genomes 12:42.<\/span><\/p>\n<p>Gaete-Eastman C, Morales-Quintana L, Herrera R, Moya-Le\u00f3n MA (2015) In-silico analysis of the structure and binding site features of an \u03b1-expansin protein from mountain papaya fruit (VpEXPA2), through molecular modeling, docking and dynamics simulation studies. Journal of Molecular Modelling.<\/p>\n<p>Hernandez O, Torres CA, Moya-Le\u00f3n MA, Opazo MC, Razmilic I (2014) Roles of the ascorbate-glutathione cycle, pigments and phenolics in postharvest \u2018sunscald\u2019 development on \u2018Granny Smith\u2019 apples (Malus domestica Borkh.). Postharvest Biology and Technology 79 : 79-87) (DOI: 10.1016\/j.postharvbio.2013.08.003)<\/p>\n<p>Nardi CF, Villarreal NM, Opazo MC, Martinez GA, Moya-Le\u00f3n MA, Civello PM (2014) Expression of FaXTH1 and FaXTH2 genes in strawberry fruit. Cloning of promoter regions and effect of plant growth regulators. Scientia Horticulturae 165: 111-122.<\/p>\n<p>Ramos P, Herrera R, Moya-Le\u00f3n MA (2014) Anthocyanins: Food sources and benefits to consumer\u00b4s health. Nova Science Publishers, Inc. Leah M. Warner, Editor.<\/p>\n<p>Salvatierra A, Pimentel P, Moya-Le\u00f3n MA, Herrera R (2014) Biosynthesis of flavonoids in achenes of Fragaria chiloensis ssp. chiloensis. Boletin Latinoamericano y del Caribe de Plantas Medicinales y Arom\u00e1ticas (Blacpma) 13 (4): 406-414.<\/p>\n<p>Valenzuela C, Ramos P, Carrasco C, Moya-Le\u00f3n MA, Herrera R (2014) Cloning and characterization of a xyloglucan endo-transglycosylase\/hydrolase gene expressed in response to inclination in radiata pine seedlings. Tree Genetics &amp; Genomes 10: 1305-1315. (doi 10.1007\/s11295-014-0762-9)<\/p>\n<p>Galaz S, Morales-Quintana L, Moya-Le\u00f3n MA, Herrera R (2013) Structural analysis of the alcohol acyltransferase protein family from Cucumis melo shows that enzyme activity depends on an essential solvent channel. FEBS Journal 280: 1344-1357. (doi:10.1111\/febs.12127)<\/p>\n<p>Gonz\u00e1lez G, Fuentes L, Moya-Le\u00f3n MA, Sandoval C, Herrera R (2013) Characterization of two PR genes from Fragaria chiloensis in response to Botrytis cinerea infection: A comparison with Fragaria x ananassa. Physiological and Molecular Plant Pathology 82: 73-80. (doi:10.1016\/j.pmpp.2013.02.001)<\/p>\n<p>Morales-Quintana L, Nu\u00f1ez-Tobar MX, Moya-Leon MA, Herrera R (2013) Molecular dynamics simulation and site-directed mutagenesis of alcohol acyltransferase: A proposed mechanism of catalysis. Journal of Chemical Information and Modeling 82: 2689-2700. (http:\/\/dx.doi.org\/10.1021\/ci400409s)<\/p>\n<p>Salvatierra A, Pimentel P, Moya-Leon MA, Herrera R (2013) Increased accumulation of anthocyanins in Fragaria chiloensis fruits by transient suppression of FcMYB1 gene. Phytochemistry 90: 25-36. (doi:10.1016\/j.phytochem.2013.02.016)<\/p>\n<\/div><\/div><\/div><div class=\"fusion-panel panel-default\" role=\"tabpanel\"><div class=\"panel-heading\"><h4 class=\"panel-title toggle\"><a aria-expanded=\"false\" aria-selected=\"false\" aria-controls=\"8e1ad93015a03ce4c\" role=\"tab\" data-toggle=\"collapse\" data-parent=\"#accordion-540-1\" data-target=\"#8e1ad93015a03ce4c\" href=\"#8e1ad93015a03ce4c\"><span class=\"fusion-toggle-icon-wrapper\" aria-hidden=\"true\"><i class=\"fa-fusion-box\" aria-hidden=\"true\"><\/i><\/span><span class=\"fusion-toggle-heading\">Proyectos<\/span><\/a><\/h4><\/div><div id=\"8e1ad93015a03ce4c\" class=\"panel-collapse collapse \"><div class=\"panel-body toggle-content fusion-clearfix\">\n<div class=\"cont_izq small-12 medium-9 left\">\n<div class=\"cont_izq small-12 medium-9 left\">\n<div class=\"cont_izq small-12 medium-9 left\">\n<p>2021 Fondecyt Regular. \u00a0 UNDERSTANDING THE ROLE OF ABA AND TRANSCRIPTION FACTORS ON SOFTENING OF CHILEAN STRAWBERRY FRUIT<\/p>\n<p>2010-2013\u00a0Colaborador Proyecto Fondecyt 1100013. Biochemical and molecular responses of apple peel to photo-oxidative damage in the presence of elevated temperature (sun-damage=sunburn) during fruit development under acclimated and non-acclimated conditions. Investigador responsable: Dra. Carolina Torres.<\/p>\n<p>2011-2014\u00a0Investigador responsable Proyecto Fondecyt 1110792. Hormonal regulation during ripening in the Chilean strawberry fruit: a deeper view insight the molecular events.<\/p>\n<p>2012<strong>\u00a0<\/strong>Proyecto Innova 11IDL1-10617. \u201cDesarrollo de variedades de frutilla comercial mejoradas en aroma mediante la utilizaci\u00f3n de germoplasma de frutillas silvestres\u201d. Carlos Figueroa, U. Conce y Alejandra Moya, UTalca.<\/p>\n<p>2012-2015\u00a0Investigador responsable Proyecto Anillo (ACT 1110) \u201cAdvanced center for the integrative study of fruit ripening: Molecular and physiological basis of complex quality traits of the Chilean strawberry fruit (ACIS)\u201d, En colaboraci\u00f3n con Dr. Ra\u00fal Herrera, Dra. Lorena Norambuena (UChile), FDr. Mike Handford (UChile), Dr. Carlos Figueroa (UConce) y Dr. Freddy Mora.<\/p>\n<p>2012 Proyecto MEC 80112010. \u201cRevealing the molecular events in the synthesis of aroma during fruit ripening\u201d. Research stay of Dr. Randolph Beaudry in Chile during 4 months. A. Moya \u2013 Contraparte Universidad de Talca.<\/p>\n<p>2013\u00a0Red en biotecnolog\u00eda agr\u00edcola: vinculaci\u00f3n acad\u00e9mica UTALCA-Michigan State University. Relaciones Internacionales Conicyt. REDES120029. A. Moya, Colaborador.<\/p>\n<\/div>\n<\/div>\n<\/div>\n<\/div><\/div><\/div><\/div><\/div><\/div><\/div><style type=\"text\/css\">.fusion-body .fusion-builder-column-3{width:100% !important;margin-top : 0px;margin-bottom : 20px;}.fusion-builder-column-3 > .fusion-column-wrapper {padding-top : 0px !important;padding-right : 0px !important;margin-right : 1.92%;padding-bottom : 0px !important;padding-left : 0px !important;margin-left : 1.92%;}@media only screen and (max-width:1024px) {.fusion-body .fusion-builder-column-3{width:100% !important;order : 0;}.fusion-builder-column-3 > .fusion-column-wrapper {margin-right : 1.92%;margin-left : 1.92%;}}@media only screen and (max-width:640px) {.fusion-body .fusion-builder-column-3{width:100% !important;order : 0;}.fusion-builder-column-3 > .fusion-column-wrapper {margin-right : 1.92%;margin-left : 1.92%;}}<\/style><\/div><style type=\"text\/css\">.fusion-body .fusion-flex-container.fusion-builder-row-3{ padding-top : 0px;margin-top : 0px;padding-right : 0px;padding-bottom : 0px;margin-bottom : 0px;padding-left : 0px;}<\/style><\/div><\/p>\n","protected":false},"excerpt":{"rendered":"","protected":false},"author":1,"featured_media":0,"parent":217,"menu_order":0,"comment_status":"closed","ping_status":"closed","template":"","meta":[],"_links":{"self":[{"href":"https:\/\/biologia.utalca.cl\/icb\/index.php?rest_route=\/wp\/v2\/pages\/540"}],"collection":[{"href":"https:\/\/biologia.utalca.cl\/icb\/index.php?rest_route=\/wp\/v2\/pages"}],"about":[{"href":"https:\/\/biologia.utalca.cl\/icb\/index.php?rest_route=\/wp\/v2\/types\/page"}],"author":[{"embeddable":true,"href":"https:\/\/biologia.utalca.cl\/icb\/index.php?rest_route=\/wp\/v2\/users\/1"}],"replies":[{"embeddable":true,"href":"https:\/\/biologia.utalca.cl\/icb\/index.php?rest_route=%2Fwp%2Fv2%2Fcomments&post=540"}],"version-history":[{"count":6,"href":"https:\/\/biologia.utalca.cl\/icb\/index.php?rest_route=\/wp\/v2\/pages\/540\/revisions"}],"predecessor-version":[{"id":2703,"href":"https:\/\/biologia.utalca.cl\/icb\/index.php?rest_route=\/wp\/v2\/pages\/540\/revisions\/2703"}],"up":[{"embeddable":true,"href":"https:\/\/biologia.utalca.cl\/icb\/index.php?rest_route=\/wp\/v2\/pages\/217"}],"wp:attachment":[{"href":"https:\/\/biologia.utalca.cl\/icb\/index.php?rest_route=%2Fwp%2Fv2%2Fmedia&parent=540"}],"curies":[{"name":"wp","href":"https:\/\/api.w.org\/{rel}","templated":true}]}}